{"id":281,"date":"2021-11-03T10:53:06","date_gmt":"2021-11-03T10:53:06","guid":{"rendered":"http:\/\/schultze-bau.de\/?page_id=281"},"modified":"2023-11-28T15:38:08","modified_gmt":"2023-11-28T15:38:08","slug":"leistungen","status":"publish","type":"page","link":"https:\/\/schultze-bau.de\/index.php\/leistungen\/","title":{"rendered":"Leistungen"},"content":{"rendered":"<h1>Unsere Leistungen<\/h1>\n<h1><span>SCHULTZE Rohrleitungs-, Stra\u00dfen- und Tiefbau GmbH &amp; Co. KG<\/span><\/h1>\n<div>\n<p><strong>Wir sind nicht nur als Spezialist f\u00fcr Rohrleitungs- und Kabelleitungsbau, Horizontalbohrtechnik und Hausanschlusstechnik in der Wesermarsch und Butjadingen bekannt.<\/strong><\/p>\n<p>Wir sind auch die Spezialisten f\u00fcr alle Asphalt und Pflasterarbeiten sowohl in der Industrie als auch f\u00fcr private Haushalte. Wir entwickeln auf den Kunden zugeschnittene L\u00f6sungen. Diese werden auf der Basis geltender Vorschriften konzipiert und mit gr\u00f6\u00dfter Sorgfalt umgesetzt.<\/p>\n<\/div>\n<div>\n<p>Mit den eigens daf\u00fcr qualifizierten Mitarbeitern setzen wir uns daf\u00fcr ein dass jedes Bauvorhaben kompetent ausgef\u00fchrt wird. Selbstverst\u00e4ndlich \u00fcbernehmen wir daf\u00fcr auch die begleitenden Abbrucharbeiten sowie Drainage und Abdichtungsarbeiten. Die N\u00e4he und eine gute Beziehung zu unseren Kunden ist uns ebenso wichtig wie die qualifizierte Durchf\u00fchrung der Arbeiten.<\/p>\n<\/div>\n<ul>\n<li>\n<p>        <img decoding=\"async\" src=\"\/wp-content\/uploads\/2021\/12\/AdobeStock_198294235-scaled.jpeg\" alt=\"\"><\/p>\n<h3>Rohrleitungsbau<\/h3>\n<p><a href=\"\/index.php\/rohrleitungsbau\/\">Mehr erfahren<\/a><\/p>\n<\/li>\n<li>\n<p>        <img decoding=\"async\" src=\"\/wp-content\/uploads\/2021\/12\/AdobeStock_94284386-scaled.jpeg\" alt=\"\"><\/p>\n<h3>Kabelleitungsbau<\/h3>\n<p><a href=\"\/index.php\/kabelleitungsbau\/\">Mehr erfahren<\/a><\/p>\n<\/li>\n<li>\n<p>        <img decoding=\"async\" src=\"\/wp-content\/uploads\/2021\/12\/AdobeStock_127918943-scaled.jpeg\" alt=\"\"><\/p>\n<h3>Hausanschlusstechnik<\/h3>\n<p><a href=\"\/index.php\/hausanschlusstechnik\/\">Mehr erfahren<\/a><\/p>\n<\/li>\n<li>\n<p>        <img decoding=\"async\" src=\"\/wp-content\/uploads\/2021\/12\/AdobeStock_379475337.jpeg\" alt=\"\"><\/p>\n<h3>Horizontalbohrtechnik<\/h3>\n<p><a href=\"\/index.php\/horizontalbohrtechnik\/\">Mehr erfahren<\/a><\/p>\n<\/li>\n<li>\n<p>        <img decoding=\"async\" src=\"\/wp-content\/uploads\/2021\/12\/AdobeStock_298653548-scaled.jpeg\" alt=\"\"><\/p>\n<h3>Stra\u00dfen- und Asphaltbau<\/h3>\n<p><a href=\"\/index.php\/strassen-tief-und-kanalbau\/\">Mehr erfahren<\/a><\/p>\n<\/li>\n<li>\n<p>        <img decoding=\"async\" src=\"\/wp-content\/uploads\/2021\/12\/AdobeStock_270701845-scaled.jpeg\" alt=\"\"><\/p>\n<h3>Pflasterarbeiten<\/h3>\n<p><a href=\"\/index.php\/pflasterarbeiten\/\">Mehr erfahren<\/a><\/p>\n<\/li>\n<\/ul>\n<ul>\n<li>\n<p>        <img decoding=\"async\" src=\"\/wp-content\/uploads\/2021\/12\/AdobeStock_366800810-scaled.jpeg\" alt=\"\"><\/p>\n<h3>Drainage- und Abdichtungsarbeiten<\/h3>\n<p><a href=\"\/index.php\/drainage-und-abdichtungsarbeiten\/\">Mehr erfahren<\/a><\/p>\n<\/li>\n<li>\n<p>        <img decoding=\"async\" src=\"\/wp-content\/uploads\/2021\/12\/AdobeStock_138100970-scaled.jpeg\" alt=\"\"><\/p>\n<h3>Abbrucharbeiten<\/h3>\n<p><a href=\"\/index.php\/abbrucharbeiten\/\">Mehr erfahren<\/a><\/p>\n<\/li>\n<li>\n<p>        <img decoding=\"async\" src=\"\/wp-content\/uploads\/2021\/12\/AdobeStock_343185006-scaled.jpeg\" alt=\"\"><\/p>\n<h3>Baugebieterschlie\u00dfung<\/h3>\n<p><a href=\"\/index.php\/baugebieterschliessung\/\">Mehr erfahren<\/a><\/p>\n<\/li>\n<\/ul>\n<div>\n<p>    <img decoding=\"async\" src=\"\/wp-content\/uploads\/2022\/01\/1000_F_221161335_yDDBYbVZdHI3smSzRIgaTOr2sDmKgAuU.jpg\" alt=\"\"><\/p>\n<h3>Poolbau<\/h3>\n<p><a href=\"\/index.php\/poolbau\/\">Mehr erfahren<\/a><\/p>\n<\/div>\n<div>\n<h2>Sie haben ein spezielles Anliegen? <br \/>Wir beraten Sie gerne!<\/h2>\n<div>\n<p>Rufen Sie uns an und schildern Sie uns Ihr Problem. <br \/>Wir finden den passenden Ansprechpartner und die <strong>ideale L\u00f6sung f\u00fcr Sie.<\/strong><\/p>\n<\/div>\n<p><a href=\"\/index.php\/unternehmen\/\">Jetzt Kontakt aufnehmen<\/a><\/p>\n<\/div>\n<p><!--more--><br \/>\n<!-- {\"children\":[{\"name\":\"Hero\",\"type\":\"section\",\"props\":{\"image\":\"\",\"image_position\":\"top-right\",\"image_width\":\"1000\",\"media_overlay\":\"rgba(255, 255, 255, 0.64)\",\"padding_remove_bottom\":false,\"style\":\"default\",\"title\":\"Services\",\"title_breakpoint\":\"l\",\"title_position\":\"top-right\",\"title_rotation\":\"left\",\"vertical_align\":\"middle\",\"width\":\"default\"},\"children\":[{\"type\":\"row\",\"children\":[{\"type\":\"column\",\"props\":{\"image_position\":\"center-center\",\"media_overlay_gradient\":\"\",\"position_sticky_breakpoint\":\"m\"},\"children\":[{\"name\":\"\",\"type\":\"headline\",\"props\":{\"animation\":\"parallax\",\"content\":\"Unsere Leistungen\",\"parallax_breakpoint\":\"m\",\"parallax_easing\":\"1\",\"parallax_y\":\"0,-75\",\"title_element\":\"h1\",\"title_style\":\"heading-small\"}},{\"type\":\"headline\",\"props\":{\"content\":\"<span>SCHULTZE Rohrleitungs-, Stra\\u00dfen- und Tiefbau GmbH &amp; Co. KG<\\\/span>\",\"margin\":\"small\",\"title_element\":\"h1\",\"title_style\":\"h4\"}}]}]},{\"name\":\"\",\"type\":\"row\",\"children\":[{\"name\":\"\",\"type\":\"column\",\"props\":{\"image_position\":\"center-center\",\"media_overlay_gradient\":\"\",\"position_sticky_breakpoint\":\"m\",\"width_medium\":\"1-2\"},\"children\":[{\"type\":\"text\",\"props\":{\"column_breakpoint\":\"m\",\"content\":\"\n\n<p><strong>Wir sind nicht nur als Spezialist f\\u00fcr Rohrleitungs- und Kabelleitungsbau, Horizontalbohrtechnik und Hausanschlusstechnik in der Wesermarsch und Butjadingen bekannt.<\\\/strong><\\\/p>\\n\n\n<p>Wir sind auch die Spezialisten f\\u00fcr alle Asphalt und Pflasterarbeiten sowohl in der Industrie als auch f\\u00fcr private Haushalte. Wir entwickeln auf den Kunden zugeschnittene L\\u00f6sungen. Diese werden auf der Basis geltender Vorschriften konzipiert und mit gr\\u00f6\\u00dfter Sorgfalt umgesetzt.<\\\/p>\",\"margin\":\"default\"}}]},{\"type\":\"column\",\"props\":{\"image_position\":\"center-center\",\"media_overlay_gradient\":\"\",\"position_sticky_breakpoint\":\"m\",\"width_medium\":\"1-2\"},\"children\":[{\"type\":\"text\",\"props\":{\"column_breakpoint\":\"m\",\"content\":\"\n\n<p>Mit den eigens daf\\u00fcr qualifizierten Mitarbeitern setzen wir uns daf\\u00fcr ein dass jedes Bauvorhaben kompetent ausgef\\u00fchrt wird. Selbstverst\\u00e4ndlich \\u00fcbernehmen wir daf\\u00fcr auch die begleitenden Abbrucharbeiten sowie Drainage und Abdichtungsarbeiten. Die N\\u00e4he und eine gute Beziehung zu unseren Kunden ist uns ebenso wichtig wie die qualifizierte Durchf\\u00fchrung der Arbeiten.<\\\/p>\",\"margin\":\"default\"}}]}],\"props\":{\"column_gap\":\"large\",\"layout\":\"1-2,1-2\",\"width\":\"default\"}}]},{\"name\":\"Services\",\"type\":\"section\",\"props\":{\"animation_delay\":false,\"image_position\":\"center-center\",\"padding\":\"xsmall\",\"padding_remove_bottom\":false,\"padding_remove_top\":false,\"style\":\"default\",\"title\":\"\",\"title_breakpoint\":\"s\",\"title_position\":\"top-right\",\"title_rotation\":\"left\",\"vertical_align\":\"middle\",\"width\":\"\"},\"children\":[{\"name\":\"\",\"type\":\"row\",\"props\":{\"margin_remove_bottom\":false,\"margin_remove_top\":false},\"children\":[{\"name\":\"\",\"type\":\"column\",\"props\":{\"image_position\":\"center-center\",\"media_overlay_gradient\":\"\",\"position_sticky_breakpoint\":\"m\",\"width_medium\":\"1-1\"},\"children\":[{\"name\":\"\",\"type\":\"gallery\",\"props\":{\"animation\":true,\"filter_align\":\"left\",\"filter_all\":true,\"filter_grid_breakpoint\":\"m\",\"filter_grid_width\":\"auto\",\"filter_position\":\"top\",\"filter_style\":\"tab\",\"grid_column_gap\":\"small\",\"grid_default\":\"1\",\"grid_medium\":\"3\",\"grid_row_gap\":\"small\",\"grid_small\":\"2\",\"image_height\":\"700\",\"image_transition\":\"scale-up\",\"image_width\":\"850\",\"item_animation\":true,\"link_style\":\"text\",\"link_text\":\"Mehr erfahren\",\"margin\":\"\",\"meta_align\":\"below-title\",\"meta_element\":\"div\",\"meta_style\":\"\",\"overlay_hover\":false,\"overlay_link\":true,\"overlay_margin\":\"large\",\"overlay_maxwidth\":\"large\",\"overlay_mode\":\"caption\",\"overlay_position\":\"bottom-center\",\"overlay_style\":\"overlay-default\",\"overlay_transition\":\"fade\",\"parallax_easing\":\"1\",\"show_content\":true,\"show_hover_image\":true,\"show_link\":true,\"show_meta\":true,\"show_title\":true,\"text_align\":\"center\",\"text_color\":\"\",\"title_element\":\"h3\",\"title_hover_style\":\"reset\"},\"children\":[{\"name\":\"\",\"type\":\"gallery_item\",\"props\":{\"content\":\"\",\"image\":\"wp-content\\\/uploads\\\/2021\\\/12\\\/AdobeStock_198294235-scaled.jpeg\",\"link\":\"index.php\\\/rohrleitungsbau\\\/\",\"title\":\"Rohrleitungsbau\"}},{\"name\":\"\",\"type\":\"gallery_item\",\"props\":{\"content\":\"\",\"image\":\"wp-content\\\/uploads\\\/2021\\\/12\\\/AdobeStock_94284386-scaled.jpeg\",\"link\":\"index.php\\\/kabelleitungsbau\\\/\",\"title\":\"Kabelleitungsbau\"}},{\"name\":\"\",\"type\":\"gallery_item\",\"props\":{\"content\":\"\",\"image\":\"wp-content\\\/uploads\\\/2021\\\/12\\\/AdobeStock_127918943-scaled.jpeg\",\"link\":\"index.php\\\/hausanschlusstechnik\\\/\",\"title\":\"Hausanschlusstechnik\"}},{\"name\":\"\",\"type\":\"gallery_item\",\"props\":{\"content\":\"\",\"image\":\"wp-content\\\/uploads\\\/2021\\\/12\\\/AdobeStock_379475337.jpeg\",\"link\":\"index.php\\\/horizontalbohrtechnik\\\/\",\"title\":\"Horizontalbohrtechnik\"}},{\"name\":\"\",\"type\":\"gallery_item\",\"props\":{\"content\":\"\",\"image\":\"wp-content\\\/uploads\\\/2021\\\/12\\\/AdobeStock_298653548-scaled.jpeg\",\"link\":\"index.php\\\/strassen-tief-und-kanalbau\\\/\",\"title\":\"Stra\\u00dfen- und Asphaltbau\"}},{\"name\":\"\",\"type\":\"gallery_item\",\"props\":{\"content\":\"\",\"image\":\"wp-content\\\/uploads\\\/2021\\\/12\\\/AdobeStock_270701845-scaled.jpeg\",\"link\":\"index.php\\\/pflasterarbeiten\\\/\",\"title\":\"Pflasterarbeiten\"}}]}]}]},{\"name\":\"\",\"type\":\"row\",\"props\":{\"column_gap\":\"small\",\"margin_remove_bottom\":false,\"margin_remove_top\":false,\"row_gap\":\"small\"},\"children\":[{\"name\":\"\",\"type\":\"column\",\"props\":{\"image_position\":\"center-center\",\"media_overlay_gradient\":\"\",\"position_sticky_breakpoint\":\"m\",\"width_medium\":\"\"},\"children\":[{\"name\":\"\",\"type\":\"gallery\",\"props\":{\"animation\":true,\"filter_align\":\"left\",\"filter_all\":true,\"filter_grid_breakpoint\":\"m\",\"filter_grid_width\":\"auto\",\"filter_position\":\"top\",\"filter_style\":\"tab\",\"grid_column_gap\":\"small\",\"grid_default\":\"1\",\"grid_large\":\"3\",\"grid_medium\":\"3\",\"grid_row_gap\":\"small\",\"grid_small\":\"2\",\"image_height\":\"700\",\"image_transition\":\"scale-up\",\"image_width\":\"850\",\"item_animation\":true,\"link_style\":\"text\",\"link_text\":\"Mehr erfahren\",\"margin\":\"small\",\"meta_align\":\"below-title\",\"meta_element\":\"div\",\"meta_style\":\"\",\"overlay_hover\":false,\"overlay_link\":true,\"overlay_margin\":\"large\",\"overlay_maxwidth\":\"large\",\"overlay_mode\":\"caption\",\"overlay_position\":\"bottom-center\",\"overlay_style\":\"overlay-default\",\"overlay_transition\":\"fade\",\"parallax_easing\":\"1\",\"show_content\":true,\"show_hover_image\":true,\"show_link\":true,\"show_meta\":true,\"show_title\":true,\"text_align\":\"center\",\"text_color\":\"\",\"title_element\":\"h3\",\"title_hover_style\":\"reset\"},\"children\":[{\"name\":\"\",\"type\":\"gallery_item\",\"props\":{\"content\":\"\",\"image\":\"wp-content\\\/uploads\\\/2021\\\/12\\\/AdobeStock_366800810-scaled.jpeg\",\"link\":\"index.php\\\/drainage-und-abdichtungsarbeiten\\\/\",\"title\":\"Drainage- und Abdichtungsarbeiten\"}},{\"name\":\"\",\"type\":\"gallery_item\",\"props\":{\"content\":\"\",\"image\":\"wp-content\\\/uploads\\\/2021\\\/12\\\/AdobeStock_138100970-scaled.jpeg\",\"link\":\"index.php\\\/abbrucharbeiten\\\/\",\"title\":\"Abbrucharbeiten\"}},{\"name\":\"\",\"type\":\"gallery_item\",\"props\":{\"content\":\"\",\"image\":\"wp-content\\\/uploads\\\/2021\\\/12\\\/AdobeStock_343185006-scaled.jpeg\",\"link\":\"index.php\\\/baugebieterschliessung\\\/\",\"title\":\"Baugebieterschlie\\u00dfung\"}}]}]}]},{\"type\":\"row\",\"props\":{\"column_gap\":\"small\",\"layout\":\"1-3,2-3\",\"margin\":\"small\",\"margin_remove_bottom\":true,\"match\":true,\"row_gap\":\"small\"},\"children\":[{\"type\":\"column\",\"props\":{\"image_position\":\"center-center\",\"media_overlay_gradient\":\"\",\"position_sticky_breakpoint\":\"m\",\"width_medium\":\"1-3\"},\"children\":[{\"name\":\"\",\"type\":\"gallery\",\"props\":{\"animation\":true,\"filter_align\":\"left\",\"filter_all\":true,\"filter_grid_breakpoint\":\"m\",\"filter_grid_width\":\"auto\",\"filter_position\":\"top\",\"filter_style\":\"tab\",\"grid_column_gap\":\"small\",\"grid_default\":\"1\",\"grid_medium\":\"\",\"grid_row_gap\":\"small\",\"grid_small\":\"1\",\"image_height\":\"700\",\"image_transition\":\"scale-up\",\"image_width\":\"850\",\"item_animation\":true,\"link_style\":\"text\",\"link_text\":\"Mehr erfahren\",\"margin\":\"small\",\"meta_align\":\"below-title\",\"meta_element\":\"div\",\"meta_style\":\"\",\"overlay_hover\":false,\"overlay_link\":true,\"overlay_margin\":\"large\",\"overlay_maxwidth\":\"large\",\"overlay_mode\":\"caption\",\"overlay_position\":\"bottom-center\",\"overlay_style\":\"overlay-default\",\"overlay_transition\":\"fade\",\"parallax_easing\":\"1\",\"show_content\":true,\"show_hover_image\":true,\"show_link\":true,\"show_meta\":true,\"show_title\":true,\"text_align\":\"center\",\"text_color\":\"\",\"title_element\":\"h3\",\"title_hover_style\":\"reset\"},\"children\":[{\"name\":\"\",\"type\":\"gallery_item\",\"props\":{\"content\":\"\",\"image\":\"wp-content\\\/uploads\\\/2022\\\/01\\\/1000_F_221161335_yDDBYbVZdHI3smSzRIgaTOr2sDmKgAuU.jpg\",\"link\":\"index.php\\\/poolbau\\\/\",\"title\":\"Poolbau\"}}]}]},{\"type\":\"column\",\"props\":{\"image_position\":\"center-center\",\"media_overlay_gradient\":\"\",\"position_sticky_breakpoint\":\"m\",\"width_medium\":\"2-3\"},\"children\":[{\"type\":\"panel\",\"props\":{\"content\":\"\n\n<p>Rufen Sie uns an und schildern Sie uns Ihr Problem. <br \/>Wir finden den passenden Ansprechpartner und die <strong>ideale L\\u00f6sung f\\u00fcr Sie.<\\\/strong><\\\/p>\",\"content_column_breakpoint\":\"m\",\"content_style\":\"text-lead\",\"css\":\".el-element {\\n    height:100%;\\n}\\n\",\"icon_width\":80,\"image_align\":\"top\",\"image_grid_breakpoint\":\"m\",\"image_grid_width\":\"1-2\",\"image_svg_color\":\"emphasis\",\"link\":\"index.php\\\/unternehmen\\\/\",\"link_style\":\"default\",\"link_text\":\"Jetzt Kontakt aufnehmen\",\"margin\":\"default\",\"meta_align\":\"below-title\",\"meta_element\":\"div\",\"meta_style\":\"text-meta\",\"panel_padding\":\"large\",\"panel_style\":\"card-primary\",\"title\":\"Sie haben ein spezielles Anliegen? <br \/>Wir beraten Sie gerne!\",\"title_align\":\"top\",\"title_element\":\"h2\",\"title_grid_breakpoint\":\"m\",\"title_grid_width\":\"1-2\",\"title_hover_style\":\"reset\",\"title_style\":\"h2\"}}]}]}]}],\"version\":\"3.0.22\",\"type\":\"layout\"} --><\/p>\n","protected":false},"excerpt":{"rendered":"<p>Unsere Leistungen SCHULTZE Rohrleitungs-, Stra\u00dfen- und Tiefbau GmbH &amp; Co. KG Wir sind nicht nur als Spezialist f\u00fcr Rohrleitungs- und Kabelleitungsbau, Horizontalbohrtechnik und Hausanschlusstechnik in der Wesermarsch und Butjadingen bekannt. Wir sind auch die Spezialisten f\u00fcr alle Asphalt und Pflasterarbeiten sowohl in der Industrie als auch f\u00fcr private Haushalte. Wir entwickeln auf den Kunden zugeschnittene [&hellip;]<\/p>\n","protected":false},"author":1,"featured_media":0,"parent":0,"menu_order":0,"comment_status":"closed","ping_status":"closed","template":"","meta":{"footnotes":""},"class_list":["post-281","page","type-page","status-publish","hentry"],"_links":{"self":[{"href":"https:\/\/schultze-bau.de\/index.php\/wp-json\/wp\/v2\/pages\/281","targetHints":{"allow":["GET"]}}],"collection":[{"href":"https:\/\/schultze-bau.de\/index.php\/wp-json\/wp\/v2\/pages"}],"about":[{"href":"https:\/\/schultze-bau.de\/index.php\/wp-json\/wp\/v2\/types\/page"}],"author":[{"embeddable":true,"href":"https:\/\/schultze-bau.de\/index.php\/wp-json\/wp\/v2\/users\/1"}],"replies":[{"embeddable":true,"href":"https:\/\/schultze-bau.de\/index.php\/wp-json\/wp\/v2\/comments?post=281"}],"version-history":[{"count":140,"href":"https:\/\/schultze-bau.de\/index.php\/wp-json\/wp\/v2\/pages\/281\/revisions"}],"predecessor-version":[{"id":1429,"href":"https:\/\/schultze-bau.de\/index.php\/wp-json\/wp\/v2\/pages\/281\/revisions\/1429"}],"wp:attachment":[{"href":"https:\/\/schultze-bau.de\/index.php\/wp-json\/wp\/v2\/media?parent=281"}],"curies":[{"name":"wp","href":"https:\/\/api.w.org\/{rel}","templated":true}]}}