{"id":443,"date":"2021-11-04T09:36:34","date_gmt":"2021-11-04T09:36:34","guid":{"rendered":"http:\/\/schultze-bau.de\/?page_id=443"},"modified":"2022-04-13T09:38:25","modified_gmt":"2022-04-13T09:38:25","slug":"strassen-tief-und-kanalbau","status":"publish","type":"page","link":"https:\/\/schultze-bau.de\/index.php\/strassen-tief-und-kanalbau\/","title":{"rendered":"Stra\u00dfen-, Tief- und Kanalbau"},"content":{"rendered":"<ul>\n<li>\n        <a href=\"\/index.php\/leistungen\">Leistungs\u00fcbersicht<\/a>\n    <\/li>\n<li>\n        <a href=\"\/index.php\/rohrleitungsbau\">Rohrleitungsbau<\/a>\n    <\/li>\n<li>\n        <a href=\"\/index.php\/kabelleitungsbau\">Kabelleitungsbau<\/a>\n    <\/li>\n<li>\n        <a href=\"\/index.php\/hausanschlusstechnik\">Hausanschlusstechnik<\/a>\n    <\/li>\n<li>\n        <a href=\"\/index.php\/horizontalbohrtechnik\">Horizontalbohrtechnik<\/a>\n    <\/li>\n<li>\n        <a href=\"\">Stra\u00dfen- und Asphaltbau<\/a>\n    <\/li>\n<li>\n        <a href=\"\/index.php\/pflasterarbeiten\">Pflasterarbeiten<\/a>\n    <\/li>\n<li>\n        <a href=\"\/index.php\/drainage-und-abdichtungsarbeiten\">Drainage- und Abdichtungsarbeiten<\/a>\n    <\/li>\n<li>\n        <a href=\"\/index.php\/abbrucharbeiten\">Abbrucharbeiten<\/a>\n    <\/li>\n<li>\n        <a href=\"\/index.php\/baugebieterschliessung\">Baugebieterschlie\u00dfung<\/a>\n    <\/li>\n<li>\n        <a href=\"\/index.php\/poolbau\">Poolbau<\/a>\n    <\/li>\n<\/ul>\n<h1>Stra\u00dfen-, Tief- und Kanalbau<\/h1>\n<div>Neben der Herstellung von Pflasterstra\u00dfen, Wegen und Pl\u00e4tzen geh\u00f6rt der bitumin\u00f6se Stra\u00dfenbau wie z. B. Herstellung und Ausbesserung von Fahrbahnbel\u00e4gen zu unseren Leistungen. Ein umfangreicher Maschinenpark und erfahrene Mitarbeiter sichern hohe Effizienz und einen hohen Qualit\u00e4tsstandard.<\/p>\n<\/div>\n<h3>Leistungs\u00fcbersicht Stra\u00dfen \u2013 und Asphaltbau<\/h3>\n<div>\n<ul>\n<li>Pflasterungen aller Art im privaten und kommunalen Bereich<\/li>\n<li>Erschlie\u00dfung von Gewerbe \u2013 und Wohngebieten<\/li>\n<li>Asphaltdecksanierung an Gehwegen und Fahrbahnen<\/li>\n<li>Stra\u00dfen und Wege aus Natur \u2013 und Verbundsteinen<\/li>\n<li>Spielplatzbau<\/li>\n<li>Sanierung von Schachtabdeckungen mittels Kanaldeckelfr\u00e4se<\/li>\n<li>Gartenbau<\/li>\n<li>Ausf\u00fchrung von Erdarbeiten<\/li>\n<\/ul>\n<\/div>\n<h3>Sie haben ein spezielles Anliegen? <strong>Wir beraten Sie gerne!<\/strong><\/h3>\n<p>\n    <a href=\"#kontakt\">Jetzt Kontakt aufnehmen<\/a>\n<\/p>\n<p><!-- {\"children\":[{\"name\":\"Hero\",\"type\":\"section\",\"props\":{\"style\":\"default\",\"width\":\"expand\",\"vertical_align\":\"\",\"title_position\":\"top-left\",\"title_rotation\":\"left\",\"title_breakpoint\":\"xl\",\"image_position\":\"center-center\",\"padding\":\"small\",\"image\":\"wp-content\\\/uploads\\\/2021\\\/12\\\/AdobeStock_298653548-scaled.jpeg\",\"image_size\":\"cover\",\"image_effect\":\"parallax\",\"image_width\":\"2560\",\"image_parallax_breakpoint\":\"m\",\"image_parallax_bgy_end\":\"-100\",\"media_overlay_gradient\":\"linear-gradient(rgba(255,255,255,0) 50%, rgba(255,255,255,1) 100%)\",\"media_visibility\":\"\"},\"children\":[{\"name\":\"\",\"type\":\"row\",\"children\":[{\"name\":\"\",\"type\":\"column\",\"props\":{\"image_position\":\"center-center\",\"width_medium\":\"1-1\",\"media_overlay_gradient\":\"\"},\"children\":[{\"type\":\"subnav\",\"props\":{\"subnav_style\":\"pill\",\"text_align\":\"center\"},\"children\":[{\"type\":\"subnav_item\",\"props\":{\"content\":\"Leistungs\\u00fcbersicht\",\"link\":\"index.php\\\/leistungen\\\/\"}},{\"type\":\"subnav_item\",\"props\":{\"content\":\"Rohrleitungsbau\",\"link\":\"index.php\\\/rohrleitungsbau\\\/\"}},{\"type\":\"subnav_item\",\"props\":{\"content\":\"Kabelleitungsbau\",\"link\":\"index.php\\\/kabelleitungsbau\\\/\"}},{\"type\":\"subnav_item\",\"props\":{\"content\":\"Hausanschlusstechnik\",\"link\":\"index.php\\\/hausanschlusstechnik\\\/\"}},{\"type\":\"subnav_item\",\"props\":{\"content\":\"Horizontalbohrtechnik\",\"link\":\"index.php\\\/horizontalbohrtechnik\\\/\"}},{\"type\":\"subnav_item\",\"props\":{\"content\":\"Stra\\u00dfen- und Asphaltbau\",\"link\":\"\"}},{\"type\":\"subnav_item\",\"props\":{\"content\":\"Pflasterarbeiten\",\"link\":\"index.php\\\/pflasterarbeiten\\\/\"}},{\"type\":\"subnav_item\",\"props\":{\"content\":\"Drainage- und Abdichtungsarbeiten\",\"link\":\"index.php\\\/drainage-und-abdichtungsarbeiten\\\/\"}},{\"type\":\"subnav_item\",\"props\":{\"content\":\"Abbrucharbeiten\",\"link\":\"index.php\\\/abbrucharbeiten\\\/\"}},{\"type\":\"subnav_item\",\"props\":{\"content\":\"Baugebieterschlie\\u00dfung\",\"link\":\"index.php\\\/baugebieterschliessung\\\/\"}},{\"type\":\"subnav_item\",\"props\":{\"content\":\"Poolbau\",\"link\":\"index.php\\\/poolbau\\\/\"}}]},{\"name\":\"\",\"type\":\"headline\",\"props\":{\"title_element\":\"h1\",\"title_style\":\"heading-medium\",\"text_align\":\"center\",\"text_align_breakpoint\":\"xl\",\"animation\":\"parallax\",\"content\":\"Stra\\u00dfen-, Tief- und Kanalbau\",\"parallax_y_start\":\"100\",\"parallax_y_end\":\"50\"}}]}]}]},{\"name\":\"Featured Product\",\"type\":\"section\",\"props\":{\"style\":\"default\",\"width\":\"large\",\"vertical_align\":\"middle\",\"title_position\":\"center-right\",\"title_rotation\":\"left\",\"title_breakpoint\":\"xl\",\"image_position\":\"center-center\",\"padding\":\"large\",\"title\":\"Featured Product\",\"padding_remove_bottom\":false},\"children\":[{\"name\":\"\",\"type\":\"row\",\"props\":{\"layout\":\"1-2,1-2\",\"column_gap\":\"large\",\"row_gap\":\"large\"},\"children\":[{\"name\":\"\",\"type\":\"column\",\"props\":{\"image_position\":\"center-center\",\"width_medium\":\"1-2\",\"media_overlay_gradient\":\"\"},\"children\":[{\"type\":\"text\",\"props\":{\"margin\":\"default\",\"column_breakpoint\":\"m\",\"content\":\"Neben der Herstellung von Pflasterstra\\u00dfen, Wegen und Pl\\u00e4tzen geh\\u00f6rt der bitumin\\u00f6se Stra\\u00dfenbau wie z. B. Herstellung und Ausbesserung von Fahrbahnbel\\u00e4gen zu unseren Leistungen. Ein umfangreicher Maschinenpark und erfahrene Mitarbeiter sichern hohe Effizienz und einen hohen Qualit\\u00e4tsstandard.\\n\\n\"}}]},{\"name\":\"\",\"type\":\"column\",\"props\":{\"image_position\":\"center-center\",\"width_medium\":\"1-2\",\"media_overlay_gradient\":\"\"},\"children\":[{\"type\":\"headline\",\"props\":{\"title_element\":\"h3\",\"content\":\"Leistungs\\u00fcbersicht Stra\\u00dfen \\u2013 und Asphaltbau\"}},{\"type\":\"text\",\"props\":{\"margin\":\"default\",\"column_breakpoint\":\"m\",\"content\":\"\n\n<ul>\\n\n\n<li>Pflasterungen aller Art im privaten und kommunalen Bereich<\\\/li>\\n\n\n<li>Erschlie\\u00dfung von Gewerbe \\u2013 und Wohngebieten<\\\/li>\\n\n\n<li>Asphaltdecksanierung an Gehwegen und Fahrbahnen<\\\/li>\\n\n\n<li>Stra\\u00dfen und Wege aus Natur \\u2013 und Verbundsteinen<\\\/li>\\n\n\n<li>Spielplatzbau<\\\/li>\\n\n\n<li>Sanierung von Schachtabdeckungen mittels Kanaldeckelfr\\u00e4se<\\\/li>\\n\n\n<li>Gartenbau<\\\/li>\\n\n\n<li>Ausf\\u00fchrung von Erdarbeiten<\\\/li>\\n<\\\/ul>\"}}]}]}]},{\"type\":\"section\",\"props\":{\"style\":\"muted\",\"width\":\"default\",\"vertical_align\":\"middle\",\"title_position\":\"top-left\",\"title_rotation\":\"left\",\"title_breakpoint\":\"xl\",\"image_position\":\"center-center\",\"padding\":\"xsmall\"},\"children\":[{\"type\":\"row\",\"props\":{\"layout\":\"2-3,1-3\"},\"children\":[{\"type\":\"column\",\"props\":{\"image_position\":\"center-center\",\"media_overlay_gradient\":\"\",\"width_medium\":\"2-3\"},\"children\":[{\"type\":\"headline\",\"props\":{\"title_element\":\"h3\",\"content\":\"Sie haben ein spezielles Anliegen? <strong>Wir beraten Sie gerne!<\\\/strong>\"}}]},{\"type\":\"column\",\"props\":{\"image_position\":\"center-center\",\"media_overlay_gradient\":\"\",\"width_medium\":\"1-3\"},\"children\":[{\"type\":\"button\",\"props\":{\"grid_column_gap\":\"small\",\"grid_row_gap\":\"small\",\"margin\":\"default\"},\"children\":[{\"type\":\"button_item\",\"props\":{\"button_style\":\"default\",\"icon_align\":\"left\",\"content\":\"Jetzt Kontakt aufnehmen\",\"link\":\"#kontakt\",\"link_title\":\"Jetzt Kontakt aufnehmen\",\"icon\":\"comments\"}}]}]}]}]}],\"version\":\"2.2.5\",\"type\":\"layout\"} --><\/p>\n","protected":false},"excerpt":{"rendered":"<p>Leistungs\u00fcbersicht Rohrleitungsbau Kabelleitungsbau Hausanschlusstechnik Horizontalbohrtechnik Stra\u00dfen- und Asphaltbau Pflasterarbeiten Drainage- und Abdichtungsarbeiten Abbrucharbeiten Baugebieterschlie\u00dfung Poolbau Stra\u00dfen-, Tief- und Kanalbau Neben der Herstellung von Pflasterstra\u00dfen, Wegen und Pl\u00e4tzen geh\u00f6rt der bitumin\u00f6se Stra\u00dfenbau wie z. B. Herstellung und Ausbesserung von Fahrbahnbel\u00e4gen zu unseren Leistungen. Ein umfangreicher Maschinenpark und erfahrene Mitarbeiter sichern hohe Effizienz und einen hohen Qualit\u00e4tsstandard. [&hellip;]<\/p>\n","protected":false},"author":1,"featured_media":0,"parent":0,"menu_order":0,"comment_status":"closed","ping_status":"closed","template":"","meta":{"footnotes":""},"class_list":["post-443","page","type-page","status-publish","hentry"],"_links":{"self":[{"href":"https:\/\/schultze-bau.de\/index.php\/wp-json\/wp\/v2\/pages\/443","targetHints":{"allow":["GET"]}}],"collection":[{"href":"https:\/\/schultze-bau.de\/index.php\/wp-json\/wp\/v2\/pages"}],"about":[{"href":"https:\/\/schultze-bau.de\/index.php\/wp-json\/wp\/v2\/types\/page"}],"author":[{"embeddable":true,"href":"https:\/\/schultze-bau.de\/index.php\/wp-json\/wp\/v2\/users\/1"}],"replies":[{"embeddable":true,"href":"https:\/\/schultze-bau.de\/index.php\/wp-json\/wp\/v2\/comments?post=443"}],"version-history":[{"count":11,"href":"https:\/\/schultze-bau.de\/index.php\/wp-json\/wp\/v2\/pages\/443\/revisions"}],"predecessor-version":[{"id":1339,"href":"https:\/\/schultze-bau.de\/index.php\/wp-json\/wp\/v2\/pages\/443\/revisions\/1339"}],"wp:attachment":[{"href":"https:\/\/schultze-bau.de\/index.php\/wp-json\/wp\/v2\/media?parent=443"}],"curies":[{"name":"wp","href":"https:\/\/api.w.org\/{rel}","templated":true}]}}