{"id":450,"date":"2021-11-04T09:42:00","date_gmt":"2021-11-04T09:42:00","guid":{"rendered":"http:\/\/schultze-bau.de\/?page_id=450"},"modified":"2022-04-13T09:44:28","modified_gmt":"2022-04-13T09:44:28","slug":"pflasterarbeiten","status":"publish","type":"page","link":"https:\/\/schultze-bau.de\/index.php\/pflasterarbeiten\/","title":{"rendered":"Pflasterarbeiten"},"content":{"rendered":"<ul>\n<li>\n        <a href=\"\/index.php\/leistungen\">Leistungs\u00fcbersicht<\/a>\n    <\/li>\n<li>\n        <a href=\"\/index.php\/rohrleitungsbau\">Rohrleitungsbau<\/a>\n    <\/li>\n<li>\n        <a href=\"\/index.php\/kabelleitungsbau\">Kabelleitungsbau<\/a>\n    <\/li>\n<li>\n        <a href=\"\/index.php\/hausanschlusstechnik\">Hausanschlusstechnik<\/a>\n    <\/li>\n<li>\n        <a href=\"\/index.php\/horizontalbohrtechnik\">Horizontalbohrtechnik<\/a>\n    <\/li>\n<li>\n        <a href=\"\/index.php\/strassen-tief-und-kanalbau\">Stra\u00dfen- und Asphaltbau<\/a>\n    <\/li>\n<li>\n        <a href=\"\">Pflasterarbeiten<\/a>\n    <\/li>\n<li>\n        <a href=\"\/index.php\/drainage-und-abdichtungsarbeiten\">Drainage- und Abdichtungsarbeiten<\/a>\n    <\/li>\n<li>\n        <a href=\"\/index.php\/abbrucharbeiten\">Abbrucharbeiten<\/a>\n    <\/li>\n<li>\n        <a href=\"\/index.php\/baugebieterschliessung\">Baugebieterschlie\u00dfung<\/a>\n    <\/li>\n<li>\n        <a href=\"\/index.php\/poolbau\">Poolbau<\/a>\n    <\/li>\n<\/ul>\n<h1>Pflasterarbeiten<\/h1>\n<div>\n<p>Eine Pflasterung hat neben den \u00e4sthetischen Anforderungen auch Qualit\u00e4tsanforderungen wie Langlebigkeit und Belastbarkeit zu erf\u00fcllen. Fachgerecht ausgef\u00fchrte Vorarbeiten und Verlegung sowie die Qualit\u00e4t der zu verlegenden Materialien sind Garanten f\u00fcr eine lange Haltbarkeit.<\/p>\n<p>Zusammen mit unseren Kunden, Planern und Architekten schaffen wir hochwertige Pflastergewerke, die durch unser qualifiziertes Fachpersonal nach g\u00fcltigen Regelwerken umgesetzt werden. Mit dem Blick f\u00fcrs Detail realisieren wir vielf\u00e4ltigste Verlegearten.<\/p>\n<\/div>\n<div>\n<p>Pflasterarbeiten sehen wir als Herausforderung die uns anvertrauten Lebensr\u00e4ume positiv mitzugestalten. Wir erstellen hochwertige Pflasterungen f\u00fcr Stra\u00dfen, Geh- und Radwege sowie sonstige Fl\u00e4chen mit allen g\u00e4ngigen Materialien und Kombinationen.<\/p>\n<p>Dazu z\u00e4hlen ebenfalls s\u00e4mtliche Ma\u00dfnahmen der Oberfl\u00e4chenentw\u00e4sserung.<\/p>\n<\/div>\n<h3>Sie haben ein spezielles Anliegen? <strong>Wir beraten Sie gerne!<\/strong><\/h3>\n<p>\n    <a href=\"#kontakt\">Jetzt Kontakt aufnehmen<\/a>\n<\/p>\n<p><!-- {\"children\":[{\"name\":\"Hero\",\"type\":\"section\",\"props\":{\"style\":\"default\",\"width\":\"expand\",\"vertical_align\":\"\",\"title_position\":\"top-left\",\"title_rotation\":\"left\",\"title_breakpoint\":\"xl\",\"image_position\":\"center-center\",\"padding\":\"small\",\"image\":\"wp-content\\\/uploads\\\/2021\\\/12\\\/AdobeStock_270701845-scaled.jpeg\",\"image_size\":\"cover\",\"image_effect\":\"parallax\",\"image_width\":\"2560\",\"image_parallax_breakpoint\":\"m\",\"image_parallax_bgy_end\":\"-100\",\"media_overlay_gradient\":\"linear-gradient(rgba(255,255,255,0) 50%, rgba(255,255,255,1) 100%)\",\"media_visibility\":\"\"},\"children\":[{\"name\":\"\",\"type\":\"row\",\"children\":[{\"name\":\"\",\"type\":\"column\",\"props\":{\"image_position\":\"center-center\",\"width_medium\":\"1-1\",\"media_overlay_gradient\":\"\"},\"children\":[{\"type\":\"subnav\",\"props\":{\"subnav_style\":\"pill\",\"text_align\":\"center\"},\"children\":[{\"type\":\"subnav_item\",\"props\":{\"content\":\"Leistungs\\u00fcbersicht\",\"link\":\"index.php\\\/leistungen\\\/\"}},{\"type\":\"subnav_item\",\"props\":{\"content\":\"Rohrleitungsbau\",\"link\":\"index.php\\\/rohrleitungsbau\\\/\"}},{\"type\":\"subnav_item\",\"props\":{\"content\":\"Kabelleitungsbau\",\"link\":\"index.php\\\/kabelleitungsbau\\\/\"}},{\"type\":\"subnav_item\",\"props\":{\"content\":\"Hausanschlusstechnik\",\"link\":\"index.php\\\/hausanschlusstechnik\\\/\"}},{\"type\":\"subnav_item\",\"props\":{\"content\":\"Horizontalbohrtechnik\",\"link\":\"index.php\\\/horizontalbohrtechnik\\\/\"}},{\"type\":\"subnav_item\",\"props\":{\"content\":\"Stra\\u00dfen- und Asphaltbau\",\"link\":\"index.php\\\/strassen-tief-und-kanalbau\\\/\"}},{\"type\":\"subnav_item\",\"props\":{\"content\":\"Pflasterarbeiten\",\"link\":\"\"}},{\"type\":\"subnav_item\",\"props\":{\"content\":\"Drainage- und Abdichtungsarbeiten\",\"link\":\"index.php\\\/drainage-und-abdichtungsarbeiten\\\/\"}},{\"type\":\"subnav_item\",\"props\":{\"content\":\"Abbrucharbeiten\",\"link\":\"index.php\\\/abbrucharbeiten\\\/\"}},{\"type\":\"subnav_item\",\"props\":{\"content\":\"Baugebieterschlie\\u00dfung\",\"link\":\"index.php\\\/baugebieterschliessung\\\/\"}},{\"type\":\"subnav_item\",\"props\":{\"content\":\"Poolbau\",\"link\":\"index.php\\\/poolbau\\\/\"}}]},{\"name\":\"\",\"type\":\"headline\",\"props\":{\"title_element\":\"h1\",\"title_style\":\"heading-medium\",\"text_align\":\"center\",\"text_align_breakpoint\":\"xl\",\"animation\":\"parallax\",\"content\":\"Pflasterarbeiten\",\"parallax_y_start\":\"100\",\"parallax_y_end\":\"50\"}}]}]}]},{\"name\":\"Featured Product\",\"type\":\"section\",\"props\":{\"style\":\"default\",\"width\":\"large\",\"vertical_align\":\"middle\",\"title_position\":\"center-right\",\"title_rotation\":\"left\",\"title_breakpoint\":\"xl\",\"image_position\":\"center-center\",\"padding\":\"large\",\"title\":\"Featured Product\",\"padding_remove_bottom\":false},\"children\":[{\"name\":\"\",\"type\":\"row\",\"props\":{\"layout\":\"1-2,1-2\",\"column_gap\":\"large\",\"row_gap\":\"large\"},\"children\":[{\"name\":\"\",\"type\":\"column\",\"props\":{\"image_position\":\"center-center\",\"width_medium\":\"1-2\",\"media_overlay_gradient\":\"\"},\"children\":[{\"type\":\"text\",\"props\":{\"margin\":\"default\",\"column_breakpoint\":\"m\",\"content\":\"\n\n<p>Eine Pflasterung hat neben den \\u00e4sthetischen Anforderungen auch Qualit\\u00e4tsanforderungen wie Langlebigkeit und Belastbarkeit zu erf\\u00fcllen. Fachgerecht ausgef\\u00fchrte Vorarbeiten und Verlegung sowie die Qualit\\u00e4t der zu verlegenden Materialien sind Garanten f\\u00fcr eine lange Haltbarkeit.<\\\/p>\\n\n\n<p>Zusammen mit unseren Kunden, Planern und Architekten schaffen wir hochwertige Pflastergewerke, die durch unser qualifiziertes Fachpersonal nach g\\u00fcltigen Regelwerken umgesetzt werden. Mit dem Blick f\\u00fcrs Detail realisieren wir vielf\\u00e4ltigste Verlegearten.<\\\/p>\"}}]},{\"name\":\"\",\"type\":\"column\",\"props\":{\"image_position\":\"center-center\",\"width_medium\":\"1-2\",\"media_overlay_gradient\":\"\"},\"children\":[{\"type\":\"text\",\"props\":{\"margin\":\"default\",\"column_breakpoint\":\"m\",\"content\":\"\n\n<p>Pflasterarbeiten sehen wir als Herausforderung die uns anvertrauten Lebensr\\u00e4ume positiv mitzugestalten. Wir erstellen hochwertige Pflasterungen f\\u00fcr Stra\\u00dfen, Geh- und Radwege sowie sonstige Fl\\u00e4chen mit allen g\\u00e4ngigen Materialien und Kombinationen.<\\\/p>\\n\n\n<p>Dazu z\\u00e4hlen ebenfalls s\\u00e4mtliche Ma\\u00dfnahmen der Oberfl\\u00e4chenentw\\u00e4sserung.<\\\/p>\"}}]}]}]},{\"type\":\"section\",\"props\":{\"style\":\"muted\",\"width\":\"default\",\"vertical_align\":\"middle\",\"title_position\":\"top-left\",\"title_rotation\":\"left\",\"title_breakpoint\":\"xl\",\"image_position\":\"center-center\",\"padding\":\"xsmall\"},\"children\":[{\"type\":\"row\",\"props\":{\"layout\":\"2-3,1-3\"},\"children\":[{\"type\":\"column\",\"props\":{\"image_position\":\"center-center\",\"media_overlay_gradient\":\"\",\"width_medium\":\"2-3\"},\"children\":[{\"type\":\"headline\",\"props\":{\"title_element\":\"h3\",\"content\":\"Sie haben ein spezielles Anliegen? <strong>Wir beraten Sie gerne!<\\\/strong>\"}}]},{\"type\":\"column\",\"props\":{\"image_position\":\"center-center\",\"media_overlay_gradient\":\"\",\"width_medium\":\"1-3\"},\"children\":[{\"type\":\"button\",\"props\":{\"grid_column_gap\":\"small\",\"grid_row_gap\":\"small\",\"margin\":\"default\"},\"children\":[{\"type\":\"button_item\",\"props\":{\"button_style\":\"default\",\"icon_align\":\"left\",\"content\":\"Jetzt Kontakt aufnehmen\",\"link\":\"#kontakt\",\"link_title\":\"Jetzt Kontakt aufnehmen\",\"icon\":\"comments\"}}]}]}]}]}],\"version\":\"2.2.5\",\"type\":\"layout\"} --><\/p>\n","protected":false},"excerpt":{"rendered":"<p>Leistungs\u00fcbersicht Rohrleitungsbau Kabelleitungsbau Hausanschlusstechnik Horizontalbohrtechnik Stra\u00dfen- und Asphaltbau Pflasterarbeiten Drainage- und Abdichtungsarbeiten Abbrucharbeiten Baugebieterschlie\u00dfung Poolbau Pflasterarbeiten Eine Pflasterung hat neben den \u00e4sthetischen Anforderungen auch Qualit\u00e4tsanforderungen wie Langlebigkeit und Belastbarkeit zu erf\u00fcllen. Fachgerecht ausgef\u00fchrte Vorarbeiten und Verlegung sowie die Qualit\u00e4t der zu verlegenden Materialien sind Garanten f\u00fcr eine lange Haltbarkeit. Zusammen mit unseren Kunden, Planern und [&hellip;]<\/p>\n","protected":false},"author":1,"featured_media":0,"parent":0,"menu_order":0,"comment_status":"closed","ping_status":"closed","template":"","meta":{"footnotes":""},"class_list":["post-450","page","type-page","status-publish","hentry"],"_links":{"self":[{"href":"https:\/\/schultze-bau.de\/index.php\/wp-json\/wp\/v2\/pages\/450","targetHints":{"allow":["GET"]}}],"collection":[{"href":"https:\/\/schultze-bau.de\/index.php\/wp-json\/wp\/v2\/pages"}],"about":[{"href":"https:\/\/schultze-bau.de\/index.php\/wp-json\/wp\/v2\/types\/page"}],"author":[{"embeddable":true,"href":"https:\/\/schultze-bau.de\/index.php\/wp-json\/wp\/v2\/users\/1"}],"replies":[{"embeddable":true,"href":"https:\/\/schultze-bau.de\/index.php\/wp-json\/wp\/v2\/comments?post=450"}],"version-history":[{"count":10,"href":"https:\/\/schultze-bau.de\/index.php\/wp-json\/wp\/v2\/pages\/450\/revisions"}],"predecessor-version":[{"id":1342,"href":"https:\/\/schultze-bau.de\/index.php\/wp-json\/wp\/v2\/pages\/450\/revisions\/1342"}],"wp:attachment":[{"href":"https:\/\/schultze-bau.de\/index.php\/wp-json\/wp\/v2\/media?parent=450"}],"curies":[{"name":"wp","href":"https:\/\/api.w.org\/{rel}","templated":true}]}}