{"id":536,"date":"2021-11-04T10:46:17","date_gmt":"2021-11-04T10:46:17","guid":{"rendered":"http:\/\/schultze-bau.de\/?page_id=536"},"modified":"2023-11-28T15:39:28","modified_gmt":"2023-11-28T15:39:28","slug":"unternehmen","status":"publish","type":"page","link":"https:\/\/schultze-bau.de\/index.php\/unternehmen\/","title":{"rendered":"Unternehmen"},"content":{"rendered":"<div><span>SCHULTZE Rohrleitungs-, Stra\u00dfen- und Tiefbau GmbH &amp; Co. KG<\/span> \u2013 \u00dcber uns<\/div>\n<div>\n<p><strong>Mit dem Wissen und Know-How einer alten Familientradition hat sich die Firma SCHULTZE ROHRLEITUNGS-, STRASSEN- UND TIEFBAU GMBH &amp; CO.KG 2014 neu firmiert.<\/strong><\/p>\n<p>Der Gesch\u00e4ftsf\u00fchrer Peter Schultze, mit seiner Frau Doris, ist mit dem Unternehmen an den attraktiven Standort in Nordenham-Blexen gezogen und kann von dort auf kurzen Wegen in der gesamten Wesermarsch t\u00e4tig werden.<\/p>\n<p>Das junge Unternehmen hat sich in kurzer Zeit zu einer festen Gr\u00f6\u00dfe im Rohrleitungs- und Tiefbau entwickelt und bedient neben vielen Kunden aus der Industrie auch private Haushalte mit Hausanschl\u00fcssen und Pflasterarbeiten.<\/p>\n<p>Das Unternehmen sieht sich in der Verantwortung Preis- und Leistungsstarke Konzepte anzubieten und setzt sich gerade im privaten Sektor durch frische Ideen und zuverl\u00e4ssige Umsetzung durch.<\/p>\n<\/div>\n<p><img decoding=\"async\" src=\"\/wp-content\/uploads\/2021\/11\/schultze_S_Grafik_line.svg\" alt=\"\"><\/p>\n<h2>Ihre Ansprechpartner<\/h2>\n<div>\n<p>Am einfachsten erreichen Sie uns per Telefon.<\/p>\n<p>F\u00fcr ein ausf\u00fchrliches Beratungsgespr\u00e4ch vereinbaren Sie bitte einen Termin mit uns damit wir Ihnen bestm\u00f6glich weiter helfen k\u00f6nnen.<\/p>\n<\/div>\n<ul>\n<li>\n<p><a href=\"tel:04731390690\"><\/p>\n<p><i class=\"fa fa-phone-square\"><\/i>04731\/390690<\/p>\n<p><\/a><\/p>\n<\/li>\n<li>\n<p><a href=\"mailto:london@example.com\"><\/p>\n<p><a href=\"mailto:info@schultze-bau.de\">info@schultze-bau.de<\/a><\/p>\n<p><\/a><\/p>\n<\/li>\n<li>\n<div>\n<p>04731\/39069-20<\/p>\n<\/div>\n<\/li>\n<li>\n<div>\n<p><strong>Unsere B\u00fcrozeiten<\/strong><br \/>Montag\u2013Freitag: 7.30 \u2013 16.30 Uhr<\/p>\n<\/div>\n<\/li>\n<\/ul>\n<ul>\n<li>\n<p>        <img decoding=\"async\" src=\"\/wp-content\/uploads\/2022\/01\/186A6934-e1642666188790.jpg\" alt=\"\"><\/p>\n<h3>Peter Schultze<\/h3>\n<p>Gesch\u00e4ftsf\u00fchrer, Stra\u00dfen-, Tief und Kanalbau<\/p>\n<div>\n<p>Telefon: 04731\/39069-10<br \/>Mobil: 0163\/3847600<br \/>eMail: p.schultze@schultze-bau.de<\/p>\n<\/div>\n<p><a href=\"#\"><\/a><\/p>\n<\/li>\n<li>\n<p>        <img decoding=\"async\" src=\"\/wp-content\/uploads\/2022\/01\/186A6951-e1642666197905.jpg\" alt=\"\"><\/p>\n<h3>Dawid Wadehn<\/h3>\n<p>Rohrleitungs- und Kabelleitungsbau<\/p>\n<div>\n<p>Telefon: 04731\/39069-11<br \/>Mobil: 0176\/13906900<br \/>eMail: d.wadehn@schultze-bau.de<\/p>\n<\/div>\n<p><a href=\"#\"><\/a><\/p>\n<\/li>\n<li>\n<p>        <img decoding=\"async\" src=\"\/wp-content\/uploads\/2022\/01\/186A6959-e1642666209800.jpg\" alt=\"\"><\/p>\n<h3>Mario Fricke<\/h3>\n<p>Hausanschlusstechnik<\/p>\n<div>\n<p>Telefon: 04731\/39069-15<br \/>Mobil: 0176\/13906906<br \/>eMail: m.fricke@schultze-bau.de<\/p>\n<\/div>\n<p><a href=\"#\"><\/a><\/p>\n<\/li>\n<li>\n<p>        <img decoding=\"async\" src=\"\/wp-content\/uploads\/2022\/01\/186A6922-e1642666291638.jpg\" alt=\"\"><\/p>\n<h3>Jannik Schultze<\/h3>\n<p>Rohrleitungs- und Kabelleitungsbau<\/p>\n<div>\n<p>Telefon: 04731\/39069-18<br \/>eMail: j.schultze@schultze-bau.de<\/p>\n<\/div>\n<p><a href=\"#\"><\/a><\/p>\n<\/li>\n<li>\n<p>        <img decoding=\"async\" src=\"\/wp-content\/uploads\/2022\/01\/186A6893_b-e1642680336299.jpg\" alt=\"\"><\/p>\n<h3>Doris Schultze<\/h3>\n<p>Buchhaltung<\/p>\n<div>\n<p>Telefon: 04731\/39069-17<br \/>eMail: d.schultze@schultze-bau.de<\/p>\n<\/div>\n<p><a href=\"#\"><\/a><\/p>\n<\/li>\n<li>\n<p>        <img decoding=\"async\" src=\"\/wp-content\/uploads\/2022\/01\/186A6970-e1642666364852.jpg\" alt=\"\"><\/p>\n<h3>Loreen Br\u00f6dje<\/h3>\n<p>Buchhaltung<\/p>\n<div>\n<p>Telefon: 04731\/39069-14<br \/>eMail: l.broedje@schultze-bau.de<\/p>\n<\/div>\n<p><a href=\"#\"><\/a><\/p>\n<\/li>\n<li>\n<p>        <img decoding=\"async\" src=\"\/wp-content\/uploads\/2022\/04\/186A1233-scaled-e1649762378617.jpg\" alt=\"\"><\/p>\n<h3>Ann-Kristin Sommer<\/h3>\n<p>Assistenz der Gesch\u00e4ftsf\u00fchrung<\/p>\n<div>\n<p>Telefon: 04731\/39069-16<br \/>eMail: a.sommer@schultze-bau.de<\/p>\n<\/div>\n<p><a href=\"#\"><\/a><\/p>\n<\/li>\n<\/ul>\n<ul>\n<li>\n<p>        <img decoding=\"async\" src=\"\/wp-content\/uploads\/2022\/01\/186A6934-e1642680445892.jpg\" alt=\"\"><\/p>\n<h3>Peter Schultze<\/h3>\n<p>Gesch\u00e4ftsf\u00fchrer, Stra\u00dfen-, Tief und Kanalbau<\/p>\n<div>\n<p>Telefon: 04731\/39069-10<br \/>Mobil: 0163\/3847600 <br \/>eMail: p.schultze@schultze-bau.de<\/p>\n<\/div>\n<\/li>\n<li>\n<p>        <img decoding=\"async\" src=\"\/wp-content\/uploads\/2022\/01\/186A6951-e1642666197905.jpg\" alt=\"\"><\/p>\n<h3>Dawid Wadehn<\/h3>\n<p>Rohrleitungs- und Kabelleitungsbau<\/p>\n<div>\n<p>Telefon: 04731\/39069-11 <br \/>Mobil: 0176\/13906900 <br \/>eMail: d.wadehn@schultze-bau.de<\/p>\n<\/div>\n<\/li>\n<li>\n<p>        <img decoding=\"async\" src=\"\/wp-content\/uploads\/2022\/01\/186A6959-e1642666209800.jpg\" alt=\"\"><\/p>\n<h3>Mario Fricke<\/h3>\n<p>Hausanschlusstechnik<\/p>\n<div>\n<p>Telefon: 04731\/39069-15 <br \/>Mobil: 0176\/13906906 <br \/>eMail: m.fricke@schultze-bau.de<\/p>\n<\/div>\n<\/li>\n<li>\n<p>        <img decoding=\"async\" src=\"\/wp-content\/uploads\/2022\/01\/186A6922-e1642666291638.jpg\" alt=\"\"><\/p>\n<h3>Jannik Schultze<\/h3>\n<p>Rohrleitungs- und Kabelleitungsbau<\/p>\n<div>\n<p>Telefon: 04731\/39069-18<br \/>eMail: j.schultze@schultze-bau.de<\/p>\n<\/div>\n<\/li>\n<li>\n<p>        <img decoding=\"async\" src=\"\/wp-content\/uploads\/2022\/01\/186A6893_b-e1642680336299.jpg\" alt=\"\"><\/p>\n<h3> Doris Schultze<\/h3>\n<p>Buchhaltung<\/p>\n<div>\n<p>Telefon: 04731\/39069-17<br \/>eMail: d.schultze@schultze-bau.de<\/p>\n<\/div>\n<\/li>\n<li>\n<p>        <img decoding=\"async\" src=\"\/wp-content\/uploads\/2022\/01\/186A6970-e1642666364852.jpg\" alt=\"\"><\/p>\n<h3>Loreen Br\u00f6dje<\/h3>\n<p>Buchhaltung<\/p>\n<div>\n<p>Telefon: 04731\/39069-14<br \/>eMail: l.broedje@schultze-bau.de<\/p>\n<\/div>\n<\/li>\n<li>\n<p>        <img decoding=\"async\" src=\"\/wp-content\/uploads\/2022\/04\/186A1233-scaled-e1649762378617.jpg\" alt=\"\"><\/p>\n<h3>Ann-Kristin Sommer<\/h3>\n<p>Assistenz der Gesch\u00e4ftsf\u00fchrung<\/p>\n<div>\n<p>Telefon: 04731\/39069-16<br \/>eMail: a.sommer@schultze-bau.de<\/p>\n<\/div>\n<\/li>\n<\/ul>\n<div>Unsere Zertifikate<\/div>\n<div>\n<p><strong>1. Unser Zertifizierungsumfang beinhaltet folgende Gruppen: <\/strong><em><strong>Gruppe G3: PE, PVC:<\/strong><\/em> Gasrohrleitungen f\u00fcr Betriebsdr\u00fccke bis 5 bar und Nennweiten bis DN 300, sowohl aus Polyethylen als auch PVC-Kunststoff.<\/p>\n<p><em><strong>Gruppe W3: GE, PE, PVC:<\/strong> <\/em>Wasserrohrleitungen f\u00fcr Betriebsdr\u00fccke bis 16 bar und Nennweiten bis DN 300, f\u00fcr Gusseisen, Polyethylen und PVC-Kunstoff. Des Weiteren weist unser Unternehmen im Rahmen der Zertifizierung durch den DVGW, regelm\u00e4\u00dfig die Anforderungen f\u00fcr ein \u201eBetriebliches Managementsystem (BMS) nach. Somit erf\u00fcllt unser Unternehmen alle Anforderungen an die Arbeitsverfahren, sowie die Qualifizierung und den Einsatz unseres Fachpersonals.<\/p>\n<p><strong>2) Unser Unternehmen ist vom T\u00fcV Nord als \u201eFachbetrieb nach dem Wasserhaushaltsgesetz\u201c zertifiziert.<\/strong> Im Rahmen des bestehenden \u00dcberwachungsvertrages und der damit regelm\u00e4\u00dfigen \u00dcberwachungspr\u00fcfungen kann unser Unternehmen einwandfreie T\u00e4tigkeiten nachweisen, die im Zusammenhang mit dem WHG stehen.<\/p>\n<\/div>\n<ul>\n<li>\n<h3>DVGW-Zertifikat<\/h3>\n<div>\n<p>Zertifikat \u00fcber ein DVGW-Fachunternehmen<\/p>\n<\/div>\n<p><a href=\"\/wp-content\/uploads\/2022\/04\/DVGW-Zertifikat.pdf\"><\/a><\/p>\n<\/li>\n<li>\n<h3>WHG-Zertifikat<\/h3>\n<div>\n<p>Zertifikat \u00fcber einen Fachbetrieb nach WHG<\/p>\n<\/div>\n<p><a href=\"\/wp-content\/uploads\/2022\/04\/WHG_Zertifikat.pdf\"><\/a><\/p>\n<\/li>\n<li>\n<h3>Freistellungsbescheinigung<\/h3>\n<div>\n<p>Freistellungsbescheinigung zum Steuerabzug bei Bauleistungen<\/p>\n<\/div>\n<p><a href=\"\/wp-content\/uploads\/2022\/04\/Freitstellungsbescheinigung.pdf\"><\/a><\/p>\n<\/li>\n<li>\n<h3>Zertifikat G\u00fcteschutz-Kanal<\/h3>\n<div>\n<p>Zertifikat f\u00fcr das G\u00fctezeichen Kanalbau.<\/p>\n<\/div>\n<p><a href=\"\/wp-content\/uploads\/2022\/04\/Zertifikat_Gueteschutz-Kanal.pdf\"><\/a><\/p>\n<\/li>\n<\/ul>\n<p><!--more--><br \/>\n<!-- {\"children\":[{\"name\":\"Hero\",\"type\":\"section\",\"props\":{\"animation\":\"slide-left-small\",\"animation_delay\":\"200\",\"image_position\":\"center-center\",\"padding\":\"none\",\"style\":\"secondary\",\"title_breakpoint\":\"xl\",\"title_position\":\"top-left\",\"title_rotation\":\"left\",\"vertical_align\":\"middle\",\"width\":\"\"},\"children\":[{\"name\":\"\",\"type\":\"row\",\"props\":{\"layout\":\"1-2,1-2\",\"vertical_align\":false},\"children\":[{\"name\":\"\",\"type\":\"column\",\"props\":{\"css\":\".el-column {\\n\\tmin-height: 500px;\\n}\",\"image\":\"wp-content\\\/uploads\\\/2022\\\/04\\\/186A7108.jpg\",\"image_height\":\"1000\",\"image_position\":\"center-center\",\"image_size\":\"cover\",\"image_width\":\"1210\",\"media_overlay_gradient\":\"\",\"padding\":\"none\",\"position_sticky_breakpoint\":\"m\",\"style\":\"secondary\",\"width_medium\":\"1-2\"},\"children\":[]},{\"name\":\"\",\"type\":\"column\",\"props\":{\"image_position\":\"center-center\",\"media_overlay_gradient\":\"\",\"padding\":\"large\",\"position_sticky_breakpoint\":\"m\",\"style\":\"secondary\",\"width_medium\":\"1-2\"},\"children\":[{\"name\":\"\",\"type\":\"headline\",\"props\":{\"block_align\":\"center\",\"content\":\"<span>SCHULTZE Rohrleitungs-, Stra\\u00dfen- und Tiefbau GmbH &amp; Co. KG<\\\/span> \\u2013 \\u00dcber uns\",\"maxwidth\":\"xlarge\",\"maxwidth_breakpoint\":\"m\",\"title_element\":\"div\",\"title_style\":\"h1\"}},{\"name\":\"\",\"type\":\"text\",\"props\":{\"block_align\":\"center\",\"column_breakpoint\":\"m\",\"content\":\"\n\n<p><strong>Mit dem Wissen und Know-How einer alten Familientradition hat sich die Firma SCHULTZE ROHRLEITUNGS-, STRASSEN- UND TIEFBAU GMBH &amp; CO.KG 2014 neu firmiert.<\\\/strong><\\\/p>\\n\n\n<p>Der Gesch\\u00e4ftsf\\u00fchrer Peter Schultze, mit seiner Frau Doris, ist mit dem Unternehmen an den attraktiven Standort in Nordenham-Blexen gezogen und kann von dort auf kurzen Wegen in der gesamten Wesermarsch t\\u00e4tig werden.<\\\/p>\\n\n\n<p>Das junge Unternehmen hat sich in kurzer Zeit zu einer festen Gr\\u00f6\\u00dfe im Rohrleitungs- und Tiefbau entwickelt und bedient neben vielen Kunden aus der Industrie auch private Haushalte mit Hausanschl\\u00fcssen und Pflasterarbeiten.<\\\/p>\\n\n\n<p>Das Unternehmen sieht sich in der Verantwortung Preis- und Leistungsstarke Konzepte anzubieten und setzt sich gerade im privaten Sektor durch frische Ideen und zuverl\\u00e4ssige Umsetzung durch.<\\\/p>\",\"margin\":\"medium\",\"maxwidth\":\"xlarge\",\"maxwidth_breakpoint\":\"m\"}},{\"type\":\"image\",\"props\":{\"image\":\"wp-content\\\/uploads\\\/2021\\\/11\\\/schultze_S_Grafik_line.svg\",\"image_svg_color\":\"emphasis\",\"margin\":\"default\",\"position\":\"absolute\",\"position_left\":\"-440\",\"position_top\":\"-130\",\"text_align\":\"left\"}}]}]}]},{\"name\":\"Team London\",\"type\":\"section\",\"props\":{\"animation\":\"slide-left-small\",\"animation_delay\":\"200\",\"id\":\"london\",\"image_position\":\"center-center\",\"padding\":\"large\",\"padding_remove_bottom\":false,\"style\":\"default\",\"title_breakpoint\":\"xl\",\"title_position\":\"top-left\",\"title_rotation\":\"left\",\"vertical_align\":\"middle\",\"width\":\"xlarge\"},\"children\":[{\"name\":\"\",\"type\":\"row\",\"props\":{\"layout\":\"1-3,2-3\"},\"children\":[{\"name\":\"\",\"type\":\"column\",\"props\":{\"image\":\"\",\"image_position\":\"center-center\",\"media_overlay_gradient\":\"\",\"position_sticky_breakpoint\":\"m\",\"width_large\":\"1-3\"},\"children\":[{\"name\":\"\",\"type\":\"headline\",\"props\":{\"content\":\"Ihre Ansprechpartner\",\"margin\":\"medium\",\"margin_remove_bottom\":false,\"margin_remove_top\":true,\"title_element\":\"h2\",\"title_style\":\"heading-small\"}},{\"name\":\"\",\"type\":\"text\",\"props\":{\"column_breakpoint\":\"m\",\"content\":\"\n\n<p>Am einfachsten erreichen Sie uns per Telefon.<\\\/p>\\n\n\n<p>F\\u00fcr ein ausf\\u00fchrliches Beratungsgespr\\u00e4ch vereinbaren Sie bitte einen Termin mit uns damit wir Ihnen bestm\\u00f6glich weiter helfen k\\u00f6nnen.<\\\/p>\",\"margin\":\"\",\"margin_remove_top\":true}},{\"name\":\"\",\"type\":\"list\",\"props\":{\"column_breakpoint\":\"m\",\"image_align\":\"left\",\"image_svg_color\":\"emphasis\",\"image_vertical_align\":true,\"link_style\":\"text\",\"list_element\":\"ul\",\"list_horizontal_separator\":\", \",\"list_size\":\"\",\"list_type\":\"vertical\",\"show_image\":true,\"show_link\":true},\"children\":[{\"name\":\"\",\"type\":\"list_item\",\"props\":{\"content\":\"\n\n<p><i class=\\\"fa fa-phone-square\\\"><\\\/i>04731\\\/390690<\\\/p>\",\"icon\":\"receiver\",\"link\":\"tel:04731390690\"}},{\"name\":\"\",\"type\":\"list_item\",\"props\":{\"content\":\"\n\n<p><a href=\\\"mailto:info@schultze-bau.de\\\">info@schultze-bau.de<\\\/a><\\\/p>\",\"icon\":\"mail\",\"link\":\"mailto:london@example.com\"}},{\"type\":\"list_item\",\"props\":{\"content\":\"\n\n<p>04731\\\/39069-20<\\\/p>\",\"icon\":\"print\"}},{\"type\":\"list_item\",\"props\":{\"content\":\"\n\n<p><strong>Unsere B\\u00fcrozeiten<\\\/strong><br \\\/>Montag\\u2013Freitag: 7.30 \\u2013 16.30 Uhr<\\\/p>\",\"icon\":\"clock\"}}]}]},{\"name\":\"\",\"type\":\"column\",\"props\":{\"image_position\":\"center-center\",\"media_overlay_gradient\":\"\",\"position_sticky_breakpoint\":\"m\",\"width_large\":\"2-3\"},\"children\":[{\"name\":\"\",\"type\":\"gallery\",\"props\":{\"animation\":true,\"css\":\".el-meta { color: rgba(0,0,0,.6); }\",\"filter_align\":\"left\",\"filter_all\":true,\"filter_grid_breakpoint\":\"m\",\"filter_grid_width\":\"auto\",\"filter_position\":\"top\",\"filter_style\":\"tab\",\"grid_column_gap\":\"small\",\"grid_default\":\"2\",\"grid_masonry\":false,\"grid_medium\":\"\",\"grid_row_gap\":\"small\",\"grid_small\":\"2\",\"image_height\":\"550\",\"image_width\":\"550\",\"item_animation\":true,\"link_style\":\"default\",\"link_text\":\"\",\"margin\":\"small\",\"meta_align\":\"below-title\",\"meta_element\":\"div\",\"meta_margin\":\"remove\",\"meta_style\":\"\",\"overlay_hover\":false,\"overlay_link\":true,\"overlay_mode\":\"caption\",\"overlay_position\":\"bottom\",\"overlay_style\":\"overlay-default\",\"overlay_transition\":\"fade\",\"parallax_easing\":\"1\",\"show_content\":true,\"show_hover_image\":true,\"show_link\":true,\"show_meta\":true,\"show_title\":true,\"text_align\":\"center\",\"text_color\":\"\",\"title_element\":\"h3\",\"title_hover_style\":\"reset\",\"title_style\":\"h3\",\"visibility\":\"l\"},\"children\":[{\"name\":\"\",\"type\":\"gallery_item\",\"props\":{\"content\":\"\n\n<p>Telefon: 04731\\\/39069-10<br \\\/>Mobil: 0163\\\/3847600<br \\\/>eMail: p.schultze@schultze-bau.de<\\\/p>\",\"image\":\"wp-content\\\/uploads\\\/2022\\\/01\\\/186A6934-e1642666188790.jpg\",\"link\":\"#\",\"meta\":\"Gesch\\u00e4ftsf\\u00fchrer, Stra\\u00dfen-, Tief und Kanalbau\",\"title\":\"Peter Schultze\"}},{\"name\":\"\",\"type\":\"gallery_item\",\"props\":{\"content\":\"\n\n<p>Telefon: 04731\\\/39069-11<br \\\/>Mobil: 0176\\\/13906900<br \\\/>eMail: d.wadehn@schultze-bau.de<\\\/p>\",\"image\":\"wp-content\\\/uploads\\\/2022\\\/01\\\/186A6951-e1642666197905.jpg\",\"link\":\"#\",\"meta\":\"Rohrleitungs- und Kabelleitungsbau\",\"title\":\"Dawid Wadehn\"}},{\"name\":\"\",\"type\":\"gallery_item\",\"props\":{\"content\":\"\n\n<p>Telefon: 04731\\\/39069-15<br \\\/>Mobil: 0176\\\/13906906<br \\\/>eMail: m.fricke@schultze-bau.de<\\\/p>\",\"image\":\"wp-content\\\/uploads\\\/2022\\\/01\\\/186A6959-e1642666209800.jpg\",\"link\":\"#\",\"meta\":\"Hausanschlusstechnik\",\"title\":\"Mario Fricke\"}},{\"name\":\"\",\"type\":\"gallery_item\",\"props\":{\"content\":\"\n\n<p>Telefon: 04731\\\/39069-18<br \\\/>eMail: j.schultze@schultze-bau.de<\\\/p>\",\"image\":\"wp-content\\\/uploads\\\/2022\\\/01\\\/186A6922-e1642666291638.jpg\",\"link\":\"#\",\"meta\":\"Rohrleitungs- und Kabelleitungsbau\",\"title\":\"Jannik Schultze\"}},{\"name\":\"\",\"type\":\"gallery_item\",\"props\":{\"content\":\"\n\n<p>Telefon: 04731\\\/39069-17<br \\\/>eMail: d.schultze@schultze-bau.de<\\\/p>\",\"image\":\"wp-content\\\/uploads\\\/2022\\\/01\\\/186A6893_b-e1642680336299.jpg\",\"link\":\"#\",\"meta\":\"Buchhaltung\",\"title\":\"Doris Schultze\"}},{\"name\":\"\",\"type\":\"gallery_item\",\"props\":{\"content\":\"\n\n<p>Telefon: 04731\\\/39069-14<br \\\/>eMail: l.broedje@schultze-bau.de<\\\/p>\",\"image\":\"wp-content\\\/uploads\\\/2022\\\/01\\\/186A6970-e1642666364852.jpg\",\"link\":\"#\",\"meta\":\"Buchhaltung\",\"title\":\"Loreen Br\\u00f6dje\"}},{\"name\":\"\",\"type\":\"gallery_item\",\"props\":{\"content\":\"\n\n<p>Telefon: 04731\\\/39069-16<br \\\/>eMail: a.sommer@schultze-bau.de<\\\/p>\",\"image\":\"wp-content\\\/uploads\\\/2022\\\/04\\\/186A1233-scaled-e1649762378617.jpg\",\"link\":\"#\",\"meta\":\"Assistenz der Gesch\\u00e4ftsf\\u00fchrung\",\"title\":\"Ann-Kristin Sommer\"}}]},{\"type\":\"grid\",\"props\":{\"content_column_breakpoint\":\"m\",\"filter_align\":\"left\",\"filter_all\":true,\"filter_grid_breakpoint\":\"m\",\"filter_grid_width\":\"auto\",\"filter_position\":\"top\",\"filter_style\":\"tab\",\"grid_default\":\"1\",\"grid_medium\":\"3\",\"icon_width\":80,\"image_align\":\"top\",\"image_border\":\"rounded\",\"image_grid_breakpoint\":\"m\",\"image_grid_width\":\"1-2\",\"image_height\":\"300\",\"image_svg_color\":\"emphasis\",\"image_width\":\"500\",\"item_animation\":true,\"link_style\":\"default\",\"link_text\":\"Read more\",\"margin\":\"default\",\"meta_align\":\"below-title\",\"meta_element\":\"div\",\"meta_style\":\"text-meta\",\"parallax_easing\":\"1\",\"show_content\":true,\"show_image\":true,\"show_link\":true,\"show_meta\":true,\"show_title\":true,\"title_align\":\"top\",\"title_element\":\"h3\",\"title_grid_breakpoint\":\"m\",\"title_grid_width\":\"1-2\",\"title_hover_style\":\"reset\",\"visibility\":\"hidden-l\"},\"children\":[{\"type\":\"grid_item\",\"props\":{\"content\":\"\n\n<p>Telefon: 04731\\\/39069-10<br \\\/>Mobil: 0163\\\/3847600 <br \\\/>eMail: p.schultze@schultze-bau.de<\\\/p>\",\"image\":\"wp-content\\\/uploads\\\/2022\\\/01\\\/186A6934-e1642680445892.jpg\",\"meta\":\"Gesch\\u00e4ftsf\\u00fchrer, Stra\\u00dfen-, Tief und Kanalbau\",\"title\":\"Peter Schultze\"}},{\"type\":\"grid_item\",\"props\":{\"content\":\"\n\n<p>Telefon: 04731\\\/39069-11 <br \\\/>Mobil: 0176\\\/13906900 <br \\\/>eMail: d.wadehn@schultze-bau.de<\\\/p>\",\"image\":\"wp-content\\\/uploads\\\/2022\\\/01\\\/186A6951-e1642666197905.jpg\",\"meta\":\"Rohrleitungs- und Kabelleitungsbau\",\"title\":\"Dawid Wadehn\"}},{\"type\":\"grid_item\",\"props\":{\"content\":\"\n\n<p>Telefon: 04731\\\/39069-15 <br \\\/>Mobil: 0176\\\/13906906 <br \\\/>eMail: m.fricke@schultze-bau.de<\\\/p>\",\"image\":\"wp-content\\\/uploads\\\/2022\\\/01\\\/186A6959-e1642666209800.jpg\",\"meta\":\"Hausanschlusstechnik\",\"title\":\"Mario Fricke\"}},{\"type\":\"grid_item\",\"props\":{\"content\":\"\n\n<p>Telefon: 04731\\\/39069-18<br \\\/>eMail: j.schultze@schultze-bau.de<\\\/p>\",\"image\":\"wp-content\\\/uploads\\\/2022\\\/01\\\/186A6922-e1642666291638.jpg\",\"meta\":\"Rohrleitungs- und Kabelleitungsbau\",\"title\":\"Jannik Schultze\"}},{\"type\":\"grid_item\",\"props\":{\"content\":\"\n\n<p>Telefon: 04731\\\/39069-17<br \\\/>eMail: d.schultze@schultze-bau.de<\\\/p>\",\"image\":\"wp-content\\\/uploads\\\/2022\\\/01\\\/186A6893_b-e1642680336299.jpg\",\"meta\":\"Buchhaltung\",\"title\":\" Doris Schultze\"}},{\"type\":\"grid_item\",\"props\":{\"content\":\"\n\n<p>Telefon: 04731\\\/39069-14<br \\\/>eMail: l.broedje@schultze-bau.de<\\\/p>\",\"image\":\"wp-content\\\/uploads\\\/2022\\\/01\\\/186A6970-e1642666364852.jpg\",\"meta\":\"Buchhaltung\",\"title\":\"Loreen Br\\u00f6dje\"}},{\"type\":\"grid_item\",\"props\":{\"content\":\"\n\n<p>Telefon: 04731\\\/39069-16<br \\\/>eMail: a.sommer@schultze-bau.de<\\\/p>\",\"image\":\"wp-content\\\/uploads\\\/2022\\\/04\\\/186A1233-scaled-e1649762378617.jpg\",\"meta\":\"Assistenz der Gesch\\u00e4ftsf\\u00fchrung\",\"title\":\"Ann-Kristin Sommer\"}}]}]}]}]},{\"type\":\"section\",\"props\":{\"animation\":\"fade\",\"animation_delay\":\"200\",\"id\":\"zertifikate\",\"image_position\":\"center-center\",\"padding_remove_top\":false,\"style\":\"secondary\",\"title_breakpoint\":\"xl\",\"title_position\":\"top-left\",\"title_rotation\":\"left\",\"vertical_align\":\"middle\",\"width\":\"default\"},\"children\":[{\"type\":\"row\",\"children\":[{\"type\":\"column\",\"props\":{\"image_position\":\"center-center\",\"media_overlay_gradient\":\"\",\"position_sticky_breakpoint\":\"m\",\"width_medium\":\"\"},\"children\":[{\"type\":\"headline\",\"props\":{\"animation\":\"none\",\"content\":\"Unsere Zertifikate\",\"margin_remove_bottom\":true,\"text_align\":\"center\",\"title_element\":\"div\",\"title_style\":\"heading-small\"}},{\"name\":\"\",\"type\":\"text\",\"props\":{\"block_align\":\"center\",\"column\":\"1-2\",\"column_breakpoint\":\"m\",\"content\":\"\n\n<p><strong>1. Unser Zertifizierungsumfang beinhaltet folgende Gruppen: <\\\/strong><em><strong>Gruppe G3: PE, PVC:<\\\/strong><\\\/em> Gasrohrleitungen f\\u00fcr Betriebsdr\\u00fccke bis 5 bar und Nennweiten bis DN 300, sowohl aus Polyethylen als auch PVC-Kunststoff.<\\\/p>\\n\n\n<p><em><strong>Gruppe W3: GE, PE, PVC:<\\\/strong> <\\\/em>Wasserrohrleitungen f\\u00fcr Betriebsdr\\u00fccke bis 16 bar und Nennweiten bis DN 300, f\\u00fcr Gusseisen, Polyethylen und PVC-Kunstoff. Des Weiteren weist unser Unternehmen im Rahmen der Zertifizierung durch den DVGW, regelm\\u00e4\\u00dfig die Anforderungen f\\u00fcr ein \\u201eBetriebliches Managementsystem (BMS) nach. Somit erf\\u00fcllt unser Unternehmen alle Anforderungen an die Arbeitsverfahren, sowie die Qualifizierung und den Einsatz unseres Fachpersonals.<\\\/p>\\n\n\n<p><strong>2) Unser Unternehmen ist vom T\\u00fcV Nord als \\u201eFachbetrieb nach dem Wasserhaushaltsgesetz\\u201c zertifiziert.<\\\/strong> Im Rahmen des bestehenden \\u00dcberwachungsvertrages und der damit regelm\\u00e4\\u00dfigen \\u00dcberwachungspr\\u00fcfungen kann unser Unternehmen einwandfreie T\\u00e4tigkeiten nachweisen, die im Zusammenhang mit dem WHG stehen.<\\\/p>\",\"margin\":\"medium\",\"maxwidth_breakpoint\":\"m\"}},{\"type\":\"grid\",\"props\":{\"animation\":true,\"content_column_breakpoint\":\"m\",\"content_margin\":\"small\",\"filter_align\":\"left\",\"filter_all\":true,\"filter_grid_breakpoint\":\"m\",\"filter_grid_width\":\"auto\",\"filter_position\":\"top\",\"filter_style\":\"tab\",\"grid_column_align\":false,\"grid_column_gap\":\"small\",\"grid_default\":\"1\",\"grid_medium\":\"\",\"grid_row_align\":false,\"grid_row_gap\":\"large\",\"grid_small\":\"2\",\"icon_width\":\"50\",\"image_align\":\"left\",\"image_grid_breakpoint\":\"m\",\"image_grid_width\":\"auto\",\"image_svg_animate\":false,\"image_svg_color\":\"emphasis\",\"image_svg_inline\":true,\"image_vertical_align\":true,\"image_width\":\"115\",\"item_animation\":true,\"link_style\":\"default\",\"link_target\":true,\"link_text\":\"\",\"margin\":\"large\",\"margin_remove_bottom\":false,\"meta_align\":\"below-title\",\"meta_element\":\"div\",\"meta_style\":\"text-meta\",\"panel_link\":true,\"parallax_easing\":\"1\",\"position\":\"relative\",\"position_z_index\":\"1\",\"show_content\":true,\"show_image\":true,\"show_link\":true,\"show_meta\":true,\"show_title\":true,\"text_align\":\"left\",\"text_align_breakpoint\":\"m\",\"text_align_fallback\":\"center\",\"title_align\":\"top\",\"title_element\":\"h3\",\"title_grid_breakpoint\":\"m\",\"title_grid_width\":\"1-2\",\"title_hover_style\":\"reset\",\"title_style\":\"h3\"},\"children\":[{\"type\":\"grid_item\",\"props\":{\"content\":\"\n\n<p>Zertifikat \\u00fcber ein DVGW-Fachunternehmen<\\\/p>\",\"icon\":\"file-text\",\"image\":\"\",\"link\":\"wp-content\\\/uploads\\\/2022\\\/04\\\/DVGW-Zertifikat.pdf\",\"title\":\"DVGW-Zertifikat\"}},{\"type\":\"grid_item\",\"props\":{\"content\":\"\n\n<p>Zertifikat \\u00fcber einen Fachbetrieb nach WHG<\\\/p>\",\"icon\":\"file-text\",\"image\":\"\",\"link\":\"wp-content\\\/uploads\\\/2022\\\/04\\\/WHG_Zertifikat.pdf\",\"title\":\"WHG-Zertifikat\"}},{\"type\":\"grid_item\",\"props\":{\"content\":\"\n\n<p>Freistellungsbescheinigung zum Steuerabzug bei Bauleistungen<\\\/p>\",\"icon\":\"file-text\",\"image\":\"\",\"link\":\"wp-content\\\/uploads\\\/2022\\\/04\\\/Freitstellungsbescheinigung.pdf\",\"title\":\"Freistellungsbescheinigung\"}},{\"type\":\"grid_item\",\"props\":{\"content\":\"\n\n<p>Zertifikat f\\u00fcr das G\\u00fctezeichen Kanalbau.<\\\/p>\",\"icon\":\"file-text\",\"image\":\"\",\"link\":\"wp-content\\\/uploads\\\/2022\\\/04\\\/Zertifikat_Gueteschutz-Kanal.pdf\",\"title\":\"Zertifikat G\\u00fcteschutz-Kanal\"}}]}]}],\"props\":{\"margin\":\"large\",\"margin_remove_bottom\":false}}],\"name\":\"zertifikate\"}],\"version\":\"3.0.22\",\"type\":\"layout\"} --><\/p>\n","protected":false},"excerpt":{"rendered":"<p>SCHULTZE Rohrleitungs-, Stra\u00dfen- und Tiefbau GmbH &amp; Co. KG \u2013 \u00dcber uns Mit dem Wissen und Know-How einer alten Familientradition hat sich die Firma SCHULTZE ROHRLEITUNGS-, STRASSEN- UND TIEFBAU GMBH &amp; CO.KG 2014 neu firmiert. Der Gesch\u00e4ftsf\u00fchrer Peter Schultze, mit seiner Frau Doris, ist mit dem Unternehmen an den attraktiven Standort in Nordenham-Blexen gezogen und [&hellip;]<\/p>\n","protected":false},"author":1,"featured_media":0,"parent":0,"menu_order":0,"comment_status":"closed","ping_status":"closed","template":"","meta":{"footnotes":""},"class_list":["post-536","page","type-page","status-publish","hentry"],"_links":{"self":[{"href":"https:\/\/schultze-bau.de\/index.php\/wp-json\/wp\/v2\/pages\/536","targetHints":{"allow":["GET"]}}],"collection":[{"href":"https:\/\/schultze-bau.de\/index.php\/wp-json\/wp\/v2\/pages"}],"about":[{"href":"https:\/\/schultze-bau.de\/index.php\/wp-json\/wp\/v2\/types\/page"}],"author":[{"embeddable":true,"href":"https:\/\/schultze-bau.de\/index.php\/wp-json\/wp\/v2\/users\/1"}],"replies":[{"embeddable":true,"href":"https:\/\/schultze-bau.de\/index.php\/wp-json\/wp\/v2\/comments?post=536"}],"version-history":[{"count":127,"href":"https:\/\/schultze-bau.de\/index.php\/wp-json\/wp\/v2\/pages\/536\/revisions"}],"predecessor-version":[{"id":1430,"href":"https:\/\/schultze-bau.de\/index.php\/wp-json\/wp\/v2\/pages\/536\/revisions\/1430"}],"wp:attachment":[{"href":"https:\/\/schultze-bau.de\/index.php\/wp-json\/wp\/v2\/media?parent=536"}],"curies":[{"name":"wp","href":"https:\/\/api.w.org\/{rel}","templated":true}]}}