{"id":810,"date":"2021-11-24T09:23:37","date_gmt":"2021-11-24T09:23:37","guid":{"rendered":"http:\/\/schultze-bau.de\/?page_id=810"},"modified":"2022-04-13T10:02:54","modified_gmt":"2022-04-13T10:02:54","slug":"baugebieterschliessung","status":"publish","type":"page","link":"https:\/\/schultze-bau.de\/index.php\/baugebieterschliessung\/","title":{"rendered":"Baugebieterschlie\u00dfung"},"content":{"rendered":"<ul>\n<li>\n        <a href=\"\/index.php\/leistungen\">Leistungs\u00fcbersicht<\/a>\n    <\/li>\n<li>\n        <a href=\"\/index.php\/rohrleitungsbau\">Rohrleitungsbau<\/a>\n    <\/li>\n<li>\n        <a href=\"\/index.php\/kabelleitungsbau\">Kabelleitungsbau<\/a>\n    <\/li>\n<li>\n        <a href=\"\/index.php\/hausanschlusstechnik\">Hausanschlusstechnik<\/a>\n    <\/li>\n<li>\n        <a href=\"\/index.php\/horizontalbohrtechnik\">Horizontalbohrtechnik<\/a>\n    <\/li>\n<li>\n        <a href=\"\/index.php\/strassen-tief-und-kanalbau\">Stra\u00dfen- und Asphaltbau<\/a>\n    <\/li>\n<li>\n        <a href=\"\/index.php\/pflasterarbeiten\">Pflasterarbeiten<\/a>\n    <\/li>\n<li>\n        <a href=\"\/index.php\/drainage-und-abdichtungsarbeiten\">Drainage- und Abdichtungsarbeiten<\/a>\n    <\/li>\n<li>\n        <a href=\"\/index.php\/abbrucharbeiten\">Abbrucharbeiten<\/a>\n    <\/li>\n<li>\n        <a href=\"\">Baugebieterschlie\u00dfung<\/a>\n    <\/li>\n<li>\n        <a href=\"\/index.php\/poolbau\">Poolbau<\/a>\n    <\/li>\n<\/ul>\n<h1>Baugebieterschlie\u00dfung<\/h1>\n<h1>Baugebiet-<br \/>\nerschlie\u00dfung<\/h1>\n<div>\n<p>Die Erschlie\u00dfung von Baugebieten z\u00e4hlt zu unseren Kernkompetenzen &#8211; hier gehen unsere verschiedenen Dienstleistungen Hand in Hand. Von der verkehrsm\u00e4\u00dfigen Erschlie\u00dfung des Grundst\u00fcckes rund um den Stra\u00dfen- und Gehwegbau bis zur technischen Erschlie\u00dfung mit dem Anschluss an alle Versorgungsnetzwerke wie Wasser, Strom, Gas, Internet, Kabelfernsehen und Telefon.<\/p>\n<\/div>\n<h3>Sie haben ein spezielles Anliegen? <strong>Wir beraten Sie gerne!<\/strong><\/h3>\n<p>\n    <a href=\"#kontakt\">Jetzt Kontakt aufnehmen<\/a>\n<\/p>\n<p><!-- {\"name\":\"kabelleitungsbau\",\"type\":\"layout\",\"children\":[{\"name\":\"Hero\",\"type\":\"section\",\"props\":{\"style\":\"default\",\"width\":\"expand\",\"vertical_align\":\"\",\"title_position\":\"top-left\",\"title_rotation\":\"left\",\"title_breakpoint\":\"xl\",\"image_position\":\"center-center\",\"padding\":\"small\",\"image\":\"wp-content\\\/uploads\\\/2021\\\/12\\\/AdobeStock_343185006-scaled.jpeg\",\"image_size\":\"cover\",\"image_effect\":\"parallax\",\"image_width\":\"2560\",\"image_parallax_breakpoint\":\"m\",\"image_parallax_bgy_end\":\"-100\",\"media_overlay_gradient\":\"linear-gradient(rgba(255,255,255,0) 50%, rgba(255,255,255,1) 100%)\",\"media_visibility\":\"\"},\"children\":[{\"name\":\"\",\"type\":\"row\",\"children\":[{\"name\":\"\",\"type\":\"column\",\"props\":{\"image_position\":\"center-center\",\"width_medium\":\"1-1\",\"media_overlay_gradient\":\"\"},\"children\":[{\"type\":\"subnav\",\"props\":{\"subnav_style\":\"pill\",\"text_align\":\"center\"},\"children\":[{\"type\":\"subnav_item\",\"props\":{\"content\":\"Leistungs\\u00fcbersicht\",\"link\":\"index.php\\\/leistungen\\\/\"}},{\"type\":\"subnav_item\",\"props\":{\"content\":\"Rohrleitungsbau\",\"link\":\"index.php\\\/rohrleitungsbau\\\/\"}},{\"type\":\"subnav_item\",\"props\":{\"content\":\"Kabelleitungsbau\",\"link\":\"index.php\\\/kabelleitungsbau\\\/\"}},{\"type\":\"subnav_item\",\"props\":{\"content\":\"Hausanschlusstechnik\",\"link\":\"index.php\\\/hausanschlusstechnik\\\/\"}},{\"type\":\"subnav_item\",\"props\":{\"content\":\"Horizontalbohrtechnik\",\"link\":\"index.php\\\/horizontalbohrtechnik\\\/\"}},{\"type\":\"subnav_item\",\"props\":{\"content\":\"Stra\\u00dfen- und Asphaltbau\",\"link\":\"index.php\\\/strassen-tief-und-kanalbau\\\/\"}},{\"type\":\"subnav_item\",\"props\":{\"content\":\"Pflasterarbeiten\",\"link\":\"index.php\\\/pflasterarbeiten\\\/\"}},{\"type\":\"subnav_item\",\"props\":{\"content\":\"Drainage- und Abdichtungsarbeiten\",\"link\":\"index.php\\\/drainage-und-abdichtungsarbeiten\\\/\"}},{\"type\":\"subnav_item\",\"props\":{\"content\":\"Abbrucharbeiten\",\"link\":\"index.php\\\/abbrucharbeiten\\\/\"}},{\"type\":\"subnav_item\",\"props\":{\"content\":\"Baugebieterschlie\\u00dfung\",\"link\":\"\"}},{\"type\":\"subnav_item\",\"props\":{\"content\":\"Poolbau\",\"link\":\"index.php\\\/poolbau\\\/\"}}]},{\"name\":\"\",\"type\":\"headline\",\"props\":{\"title_element\":\"h1\",\"title_style\":\"heading-medium\",\"text_align\":\"center\",\"text_align_breakpoint\":\"xl\",\"animation\":\"parallax\",\"content\":\"Baugebieterschlie\\u00dfung\",\"parallax_y_start\":\"100\",\"parallax_y_end\":\"50\",\"visibility\":\"l\"}},{\"name\":\"\",\"type\":\"headline\",\"props\":{\"title_element\":\"h1\",\"title_style\":\"heading-medium\",\"text_align\":\"center\",\"text_align_breakpoint\":\"xl\",\"animation\":\"parallax\",\"content\":\"Baugebiet-<br \/>\\nerschlie\\u00dfung\",\"parallax_y_start\":\"100\",\"parallax_y_end\":\"50\",\"visibility\":\"hidden-s\"}}]}]}]},{\"name\":\"Featured Product\",\"type\":\"section\",\"props\":{\"style\":\"default\",\"width\":\"large\",\"vertical_align\":\"middle\",\"title_position\":\"center-right\",\"title_rotation\":\"left\",\"title_breakpoint\":\"xl\",\"image_position\":\"center-center\",\"padding\":\"large\",\"title\":\"\",\"padding_remove_bottom\":false},\"children\":[{\"name\":\"\",\"type\":\"row\",\"props\":{\"column_gap\":\"large\",\"row_gap\":\"large\",\"width\":\"small\"},\"children\":[{\"name\":\"\",\"type\":\"column\",\"props\":{\"image_position\":\"center-center\",\"width_medium\":\"\",\"media_overlay_gradient\":\"\"},\"children\":[{\"type\":\"text\",\"props\":{\"margin\":\"default\",\"column_breakpoint\":\"m\",\"content\":\"\n\n<p>Die Erschlie\\u00dfung von Baugebieten z\\u00e4hlt zu unseren Kernkompetenzen - hier gehen unsere verschiedenen Dienstleistungen Hand in Hand. Von der verkehrsm\\u00e4\\u00dfigen Erschlie\\u00dfung des Grundst\\u00fcckes rund um den Stra\\u00dfen- und Gehwegbau bis zur technischen Erschlie\\u00dfung mit dem Anschluss an alle Versorgungsnetzwerke wie Wasser, Strom, Gas, Internet, Kabelfernsehen und Telefon.<\\\/p>\"}}]}]}]},{\"type\":\"section\",\"props\":{\"style\":\"muted\",\"width\":\"default\",\"vertical_align\":\"middle\",\"title_position\":\"top-left\",\"title_rotation\":\"left\",\"title_breakpoint\":\"xl\",\"image_position\":\"center-center\",\"padding\":\"xsmall\"},\"children\":[{\"type\":\"row\",\"props\":{\"layout\":\"2-3,1-3\"},\"children\":[{\"type\":\"column\",\"props\":{\"image_position\":\"center-center\",\"media_overlay_gradient\":\"\",\"width_medium\":\"2-3\"},\"children\":[{\"type\":\"headline\",\"props\":{\"title_element\":\"h3\",\"content\":\"Sie haben ein spezielles Anliegen? <strong>Wir beraten Sie gerne!<\\\/strong>\"}}]},{\"type\":\"column\",\"props\":{\"image_position\":\"center-center\",\"media_overlay_gradient\":\"\",\"width_medium\":\"1-3\"},\"children\":[{\"type\":\"button\",\"props\":{\"grid_column_gap\":\"small\",\"grid_row_gap\":\"small\",\"margin\":\"default\"},\"children\":[{\"type\":\"button_item\",\"props\":{\"button_style\":\"default\",\"icon_align\":\"left\",\"content\":\"Jetzt Kontakt aufnehmen\",\"link\":\"#kontakt\",\"link_title\":\"Jetzt Kontakt aufnehmen\",\"icon\":\"comments\"}}]}]}]}]}],\"version\":\"2.2.5\"} --><\/p>\n","protected":false},"excerpt":{"rendered":"<p>Leistungs\u00fcbersicht Rohrleitungsbau Kabelleitungsbau Hausanschlusstechnik Horizontalbohrtechnik Stra\u00dfen- und Asphaltbau Pflasterarbeiten Drainage- und Abdichtungsarbeiten Abbrucharbeiten Baugebieterschlie\u00dfung Poolbau Baugebieterschlie\u00dfung Baugebiet- erschlie\u00dfung Die Erschlie\u00dfung von Baugebieten z\u00e4hlt zu unseren Kernkompetenzen &#8211; hier gehen unsere verschiedenen Dienstleistungen Hand in Hand. Von der verkehrsm\u00e4\u00dfigen Erschlie\u00dfung des Grundst\u00fcckes rund um den Stra\u00dfen- und Gehwegbau bis zur technischen Erschlie\u00dfung mit dem Anschluss an [&hellip;]<\/p>\n","protected":false},"author":1,"featured_media":0,"parent":0,"menu_order":0,"comment_status":"closed","ping_status":"closed","template":"","meta":{"footnotes":""},"class_list":["post-810","page","type-page","status-publish","hentry"],"_links":{"self":[{"href":"https:\/\/schultze-bau.de\/index.php\/wp-json\/wp\/v2\/pages\/810","targetHints":{"allow":["GET"]}}],"collection":[{"href":"https:\/\/schultze-bau.de\/index.php\/wp-json\/wp\/v2\/pages"}],"about":[{"href":"https:\/\/schultze-bau.de\/index.php\/wp-json\/wp\/v2\/types\/page"}],"author":[{"embeddable":true,"href":"https:\/\/schultze-bau.de\/index.php\/wp-json\/wp\/v2\/users\/1"}],"replies":[{"embeddable":true,"href":"https:\/\/schultze-bau.de\/index.php\/wp-json\/wp\/v2\/comments?post=810"}],"version-history":[{"count":24,"href":"https:\/\/schultze-bau.de\/index.php\/wp-json\/wp\/v2\/pages\/810\/revisions"}],"predecessor-version":[{"id":1355,"href":"https:\/\/schultze-bau.de\/index.php\/wp-json\/wp\/v2\/pages\/810\/revisions\/1355"}],"wp:attachment":[{"href":"https:\/\/schultze-bau.de\/index.php\/wp-json\/wp\/v2\/media?parent=810"}],"curies":[{"name":"wp","href":"https:\/\/api.w.org\/{rel}","templated":true}]}}